{"id":8121,"date":"2025-04-02T09:28:06","date_gmt":"2025-04-02T14:28:06","guid":{"rendered":"https:\/\/www.kenoshafuneralhome.com\/?page_id=8121"},"modified":"2025-04-02T09:36:39","modified_gmt":"2025-04-02T14:36:39","slug":"dale-moss","status":"publish","type":"page","link":"https:\/\/www.kenoshafuneralhome.com\/es\/our-team\/dale-moss\/","title":{"rendered":"Dale Moss"},"content":{"rendered":"<p><div class=\"fusion-fullwidth fullwidth-box fusion-builder-row-1 fusion-flex-container has-pattern-background has-mask-background nonhundred-percent-fullwidth non-hundred-percent-height-scrolling\" style=\"--awb-border-radius-top-left:0px;--awb-border-radius-top-right:0px;--awb-border-radius-bottom-right:0px;--awb-border-radius-bottom-left:0px;--awb-flex-wrap:wrap;\" ><div class=\"fusion-builder-row fusion-row fusion-flex-align-items-flex-start fusion-flex-content-wrap\" style=\"max-width:1248px;margin-left: calc(-4% \/ 2 );margin-right: calc(-4% \/ 2 );\"><div class=\"fusion-layout-column fusion_builder_column fusion-builder-column-0 fusion_builder_column_1_3 1_3 fusion-flex-column\" style=\"--awb-bg-size:cover;--awb-width-large:33.333333333333%;--awb-margin-top-large:0px;--awb-spacing-right-large:5.76%;--awb-margin-bottom-large:20px;--awb-spacing-left-large:5.76%;--awb-width-medium:100%;--awb-order-medium:0;--awb-spacing-right-medium:1.92%;--awb-spacing-left-medium:1.92%;--awb-width-small:100%;--awb-order-small:0;--awb-spacing-right-small:1.92%;--awb-spacing-left-small:1.92%;\"><div class=\"fusion-column-wrapper fusion-column-has-shadow fusion-flex-justify-content-flex-start fusion-content-layout-column\"><div class=\"fusion-image-element\" style=\"--awb-caption-title-font-family:var(--h2_typography-font-family);--awb-caption-title-font-weight:var(--h2_typography-font-weight);--awb-caption-title-font-style:var(--h2_typography-font-style);--awb-caption-title-size:var(--h2_typography-font-size);--awb-caption-title-transform:var(--h2_typography-text-transform);--awb-caption-title-line-height:var(--h2_typography-line-height);--awb-caption-title-letter-spacing:var(--h2_typography-letter-spacing);\"><span class=\"fusion-imageframe imageframe-none imageframe-1 hover-type-none\"><img decoding=\"async\" width=\"1667\" height=\"1667\" alt=\"Dale Moss Headshot\" title=\"Dale Moss Headshot\" src=\"https:\/\/www.kenoshafuneralhome.com\/wp-content\/uploads\/2025\/04\/Dale-Moss_Headshot.png\" class=\"img-responsive wp-image-8122\" srcset=\"https:\/\/www.kenoshafuneralhome.com\/wp-content\/uploads\/2025\/04\/Dale-Moss_Headshot-200x200.png 200w, https:\/\/www.kenoshafuneralhome.com\/wp-content\/uploads\/2025\/04\/Dale-Moss_Headshot-400x400.png 400w, https:\/\/www.kenoshafuneralhome.com\/wp-content\/uploads\/2025\/04\/Dale-Moss_Headshot-600x600.png 600w, https:\/\/www.kenoshafuneralhome.com\/wp-content\/uploads\/2025\/04\/Dale-Moss_Headshot-800x800.png 800w, https:\/\/www.kenoshafuneralhome.com\/wp-content\/uploads\/2025\/04\/Dale-Moss_Headshot-1200x1200.png 1200w, https:\/\/www.kenoshafuneralhome.com\/wp-content\/uploads\/2025\/04\/Dale-Moss_Headshot.png 1667w\" sizes=\"(max-width: 1024px) 100vw, (max-width: 640px) 100vw, 400px\" \/><\/span><\/div><div class=\"fusion-title title fusion-title-1 fusion-sep-none fusion-title-text fusion-title-size-five\" style=\"--awb-text-color:var(--awb-color8);--awb-margin-top:35px;--awb-margin-top-small:35px;--awb-margin-right-small:0px;--awb-margin-bottom-small:20px;--awb-margin-left-small:0px;--awb-font-size:20px;\"><h5 class=\"fusion-title-heading title-heading-left fusion-responsive-typography-calculated\" style=\"font-family:&quot;Playfair Display&quot;;font-style:normal;font-weight:700;margin:0;font-size:1em;--fontSize:20;--minFontSize:20;line-height:1.4;\">Contacto<\/h5><\/div><div ><a class=\"fusion-button button-flat fusion-button-default-size button-custom fusion-button-default button-1 fusion-button-default-span fusion-button-default-type\" style=\"--button_accent_color:var(--awb-custom_color_3);--button_border_color:var(--awb-custom_color_3);--button_accent_hover_color:var(--awb-custom_color_3);--button_border_hover_color:var(--awb-custom_color_3);--button-border-radius-top-left:0;--button-border-radius-top-right:0;--button-border-radius-bottom-right:0;--button-border-radius-bottom-left:0;--button_gradient_top_color:transparent;--button_gradient_bottom_color:transparent;--button_gradient_top_color_hover:transparent;--button_gradient_bottom_color_hover:transparent;--button_padding-left:0px;--button_typography-font-family:&quot;Open Sans&quot;;--button_typography-font-style:normal;--button_typography-font-weight:400;\" target=\"_self\" href=\"tel:262-658-4101\"><i class=\"fa-phone fas awb-button__icon awb-button__icon--default button-icon-left\" aria-hidden=\"true\"><\/i><span class=\"fusion-button-text awb-button__text awb-button__text--default\">262-658-4101<\/span><\/a><\/div><div ><a class=\"fusion-button button-flat fusion-button-default-size button-custom fusion-button-default button-2 fusion-button-default-span fusion-button-default-type\" style=\"--button_accent_color:var(--awb-custom_color_3);--button_border_color:var(--awb-custom_color_3);--button_accent_hover_color:var(--awb-custom_color_3);--button_border_hover_color:var(--awb-custom_color_3);--button-border-radius-top-left:0;--button-border-radius-top-right:0;--button-border-radius-bottom-right:0;--button-border-radius-bottom-left:0;--button_gradient_top_color:transparent;--button_gradient_bottom_color:transparent;--button_gradient_top_color_hover:transparent;--button_gradient_bottom_color_hover:transparent;--button_padding-left:0px;--button_typography-font-family:&quot;Open Sans&quot;;--button_typography-font-style:normal;--button_typography-font-weight:400;\" target=\"_self\" href=\"mailto:director@piaseckifuneral.com\"><i class=\"fa-envelope fas awb-button__icon awb-button__icon--default button-icon-left\" aria-hidden=\"true\"><\/i><span class=\"fusion-button-text awb-button__text awb-button__text--default\">director@piaseckifuneral.com<\/span><\/a><\/div><\/div><\/div><div class=\"fusion-layout-column fusion_builder_column fusion-builder-column-1 fusion_builder_column_2_3 2_3 fusion-flex-column\" style=\"--awb-bg-size:cover;--awb-width-large:66.666666666667%;--awb-margin-top-large:0px;--awb-spacing-right-large:2.88%;--awb-margin-bottom-large:20px;--awb-spacing-left-large:2.88%;--awb-width-medium:100%;--awb-order-medium:0;--awb-spacing-right-medium:1.92%;--awb-spacing-left-medium:1.92%;--awb-width-small:100%;--awb-order-small:0;--awb-spacing-right-small:1.92%;--awb-spacing-left-small:1.92%;\"><div class=\"fusion-column-wrapper fusion-column-has-shadow fusion-flex-justify-content-flex-start fusion-content-layout-column\"><div class=\"fusion-text fusion-text-1\"><p><img decoding=\"async\" class=\"alignright wp-image-8123 size-medium\" src=\"https:\/\/www.kenoshafuneralhome.com\/wp-content\/uploads\/2025\/04\/Dale-1-284x300.webp\" alt=\"\" width=\"284\" height=\"300\" srcset=\"https:\/\/www.kenoshafuneralhome.com\/wp-content\/uploads\/2025\/04\/Dale-1-11x12.webp 11w, https:\/\/www.kenoshafuneralhome.com\/wp-content\/uploads\/2025\/04\/Dale-1-200x211.webp 200w, https:\/\/www.kenoshafuneralhome.com\/wp-content\/uploads\/2025\/04\/Dale-1-284x300.webp 284w, https:\/\/www.kenoshafuneralhome.com\/wp-content\/uploads\/2025\/04\/Dale-1-400x422.webp 400w, https:\/\/www.kenoshafuneralhome.com\/wp-content\/uploads\/2025\/04\/Dale-1-jpg.webp 463w\" sizes=\"(max-width: 284px) 100vw, 284px\" \/><\/p>\n<p>Dale Moss es un valioso miembro del Equipo de Primera Llamada de la Funeraria Piasecki, aportando una amplia experiencia en respuesta a emergencias, educaci\u00f3n y servicio comunitario. Sirvi\u00f3 como Capit\u00e1n y Param\u00e9dico en la <a target=\"_new\" rel=\"noopener\">Departamento de Bomberos de Kenosha<\/a> durante 26 a\u00f1os, donde demostr\u00f3 un compromiso inquebrantable con la seguridad p\u00fablica. Dale tambi\u00e9n ha dedicado 24 a\u00f1os a la ense\u00f1anza <a target=\"_new\" rel=\"noopener\">Bombero 1<\/a> y param\u00e9dico en <a href=\"https:\/\/www.gtc.edu\/\" target=\"_new\" rel=\"noopener noreferrer\" data-cke-saved-href=\"https:\/\/www.gtc.edu\/\">Colegio T\u00e9cnico Gateway<\/a>ayudando a preparar a los futuros primeros intervinientes con las habilidades y conocimientos necesarios para el \u00e9xito. Adem\u00e1s de su trabajo en la educaci\u00f3n de los servicios de bomberos, Dale ense\u00f1a <a target=\"_new\" rel=\"noopener\">Soporte Vital Cardiaco Avanzado (ACLS)<\/a>, <a target=\"_new\" rel=\"noopener\">Soporte Vital Avanzado Pedi\u00e1trico (PALS)<\/a>y RCP en <a target=\"_new\" rel=\"noopener\">Hospital Froedtert de Pleasant Prairie<\/a>donde ha sido instructor durante m\u00e1s de dos d\u00e9cadas. Su amplia experiencia en t\u00e9cnicas de salvamento y formaci\u00f3n le convierten en un activo inestimable para el equipo de Piasecki Funeral Home.<\/p>\n<p>Dale tiene un <a target=\"_new\" rel=\"noopener\">Diplomado en Ciencias del Fuego<\/a> del Gateway Technical College y mantiene su <a target=\"_new\" rel=\"noopener\">Licencia de param\u00e9dico del estado de Wisconsin<\/a>. Est\u00e1 certificado en ACLS, PALS y RCP, y tiene certificaciones adicionales en <a target=\"_new\" rel=\"noopener\">Bombero 1 y 2<\/a>Oficial de seguridad contra incendios y piloto de drones. Orgulloso graduado de <a target=\"_new\" rel=\"noopener\">Instituto de Burlington<\/a>A lo largo de su carrera, Dale ha seguido ampliando su formaci\u00f3n y sus conocimientos para mantenerse a la vanguardia de la formaci\u00f3n en respuesta a emergencias.<\/p>\n<p><img decoding=\"async\" class=\"wp-image-8124 size-medium alignright\" src=\"https:\/\/www.kenoshafuneralhome.com\/wp-content\/uploads\/2025\/04\/Dale-2-284x300.webp\" alt=\"\" width=\"284\" height=\"300\" srcset=\"https:\/\/www.kenoshafuneralhome.com\/wp-content\/uploads\/2025\/04\/Dale-2-11x12.webp 11w, https:\/\/www.kenoshafuneralhome.com\/wp-content\/uploads\/2025\/04\/Dale-2-200x211.webp 200w, https:\/\/www.kenoshafuneralhome.com\/wp-content\/uploads\/2025\/04\/Dale-2-284x300.webp 284w, https:\/\/www.kenoshafuneralhome.com\/wp-content\/uploads\/2025\/04\/Dale-2-400x422.webp 400w, https:\/\/www.kenoshafuneralhome.com\/wp-content\/uploads\/2025\/04\/Dale-2-jpg.webp 463w\" sizes=\"(max-width: 284px) 100vw, 284px\" \/><\/p>\n<p>Adem\u00e1s de su trabajo profesional, Dale ha participado activamente en la comunidad como jefe de la tropa scout de su hijo durante sus a\u00f1os de juventud. Dale y su esposa, Nicole, llevan 26 a\u00f1os casados y tienen dos hijos maravillosos, Jacob y Caitlyn. Disfruta pasando tiempo con su familia y realizando diversas actividades, como viajes en moto por todo el pa\u00eds, esqu\u00ed alpino y caza de ciervos. Dale tambi\u00e9n es un \u00e1vido <a href=\"https:\/\/www.packers.com\/\" target=\"_new\" rel=\"noopener noreferrer\" data-cke-saved-href=\"https:\/\/www.packers.com\/\">Green Bay Packers<\/a> aficionado y disfruta animando a su equipo favorito durante la temporada de f\u00fatbol.<\/p>\n<p>La pasi\u00f3n de Dale Moss por el servicio, su dedicaci\u00f3n a la educaci\u00f3n y su compromiso con la familia se alinean perfectamente con la atenci\u00f3n compasiva y la profesionalidad por las que Piasecki Funeral Home es conocida en la comunidad de Kenosha.<\/p>\n<\/div><div class=\"fusion-image-element\" style=\"--awb-max-width:150px;--awb-caption-title-font-family:var(--h2_typography-font-family);--awb-caption-title-font-weight:var(--h2_typography-font-weight);--awb-caption-title-font-style:var(--h2_typography-font-style);--awb-caption-title-size:var(--h2_typography-font-size);--awb-caption-title-transform:var(--h2_typography-text-transform);--awb-caption-title-line-height:var(--h2_typography-line-height);--awb-caption-title-letter-spacing:var(--h2_typography-letter-spacing);\"><span class=\"fusion-imageframe imageframe-none imageframe-2 hover-type-none\"><img decoding=\"async\" src=\"https:\/\/www.kenoshafuneralhome.com\/wp-content\/uploads\/2022\/07\/rose@2x.jpg\" alt class=\"img-responsive\"\/><\/span><\/div><\/div><\/div><\/div><\/div><div class=\"fusion-fullwidth fullwidth-box fusion-builder-row-2 fusion-flex-container has-pattern-background has-mask-background nonhundred-percent-fullwidth non-hundred-percent-height-scrolling\" style=\"--awb-border-radius-top-left:0px;--awb-border-radius-top-right:0px;--awb-border-radius-bottom-right:0px;--awb-border-radius-bottom-left:0px;--awb-margin-top:35px;--awb-flex-wrap:wrap;\" ><div class=\"fusion-builder-row fusion-row fusion-flex-align-items-flex-start fusion-flex-content-wrap\" style=\"max-width:1248px;margin-left: calc(-4% \/ 2 );margin-right: calc(-4% \/ 2 );\"><div class=\"fusion-layout-column fusion_builder_column fusion-builder-column-2 fusion_builder_column_1_1 1_1 fusion-flex-column\" style=\"--awb-bg-size:cover;--awb-width-large:100%;--awb-margin-top-large:0px;--awb-spacing-right-large:1.92%;--awb-margin-bottom-large:20px;--awb-spacing-left-large:1.92%;--awb-width-medium:100%;--awb-order-medium:0;--awb-spacing-right-medium:1.92%;--awb-spacing-left-medium:1.92%;--awb-width-small:100%;--awb-order-small:0;--awb-spacing-right-small:1.92%;--awb-spacing-left-small:1.92%;\"><div class=\"fusion-column-wrapper fusion-column-has-shadow fusion-flex-justify-content-flex-start fusion-content-layout-column\"><div style=\"text-align:center;\"><a class=\"fusion-button button-flat fusion-button-default-size button-default fusion-button-default button-3 fusion-button-default-span fusion-button-default-type\" style=\"--button-border-radius-top-left:0;--button-border-radius-top-right:0;--button-border-radius-bottom-right:0;--button-border-radius-bottom-left:0;\" target=\"_self\" href=\"\/es\/nuestro-equipo\/\"><span class=\"fusion-button-text awb-button__text awb-button__text--default\">Conozca al resto de nuestro equipo<\/span><\/a><\/div><\/div><\/div><\/div><\/div><\/p>","protected":false},"excerpt":{"rendered":"","protected":false},"author":9,"featured_media":0,"parent":1266,"menu_order":12,"comment_status":"closed","ping_status":"closed","template":"100-width.php","meta":{"_acf_changed":false,"footnotes":""},"class_list":["post-8121","page","type-page","status-publish","hentry"],"acf":[],"yoast_head":"<!-- This site is optimized with the Yoast SEO plugin v27.2 - https:\/\/yoast.com\/product\/yoast-seo-wordpress\/ -->\n<title>Dale Moss | Piasecki Funeral Home<\/title>\n<meta name=\"description\" content=\"Get to know Jim Landgraf, an apprentice Funeral Director who provides empathetic and professional support during your time of need.\" \/>\n<meta name=\"robots\" content=\"index, follow, max-snippet:-1, max-image-preview:large, max-video-preview:-1\" \/>\n<link rel=\"canonical\" href=\"https:\/\/www.kenoshafuneralhome.com\/es\/nuestro-equipo\/dale-moss\/\" \/>\n<meta property=\"og:locale\" content=\"es_MX\" \/>\n<meta property=\"og:type\" content=\"article\" \/>\n<meta property=\"og:title\" content=\"Dale Moss | Piasecki Funeral Home\" \/>\n<meta property=\"og:description\" content=\"Get to know Jim Landgraf, an apprentice Funeral Director who provides empathetic and professional support during your time of need.\" \/>\n<meta property=\"og:url\" content=\"https:\/\/www.kenoshafuneralhome.com\/es\/nuestro-equipo\/dale-moss\/\" \/>\n<meta property=\"og:site_name\" content=\"Piasecki Funeral Home\" \/>\n<meta property=\"article:publisher\" content=\"https:\/\/www.facebook.com\/PAFuneralHome\/?fref=ts\" \/>\n<meta property=\"article:modified_time\" content=\"2025-04-02T14:36:39+00:00\" \/>\n<meta property=\"og:image\" content=\"https:\/\/www.kenoshafuneralhome.com\/wp-content\/uploads\/2025\/04\/Dale-1-284x300.webp\" \/>\n<meta name=\"twitter:label1\" content=\"Tiempo de lectura\" \/>\n\t<meta name=\"twitter:data1\" content=\"6 minutos\" \/>\n<script type=\"application\/ld+json\" class=\"yoast-schema-graph\">{\"@context\":\"https:\/\/schema.org\",\"@graph\":[{\"@type\":\"WebPage\",\"@id\":\"https:\/\/www.kenoshafuneralhome.com\/our-team\/dale-moss\/\",\"url\":\"https:\/\/www.kenoshafuneralhome.com\/our-team\/dale-moss\/\",\"name\":\"Dale Moss | Piasecki Funeral Home\",\"isPartOf\":{\"@id\":\"https:\/\/www.kenoshafuneralhome.com\/#website\"},\"primaryImageOfPage\":{\"@id\":\"https:\/\/www.kenoshafuneralhome.com\/our-team\/dale-moss\/#primaryimage\"},\"image\":{\"@id\":\"https:\/\/www.kenoshafuneralhome.com\/our-team\/dale-moss\/#primaryimage\"},\"thumbnailUrl\":\"https:\/\/www.kenoshafuneralhome.com\/wp-content\/uploads\/2025\/04\/Dale-1-284x300.webp\",\"datePublished\":\"2025-04-02T14:28:06+00:00\",\"dateModified\":\"2025-04-02T14:36:39+00:00\",\"description\":\"Get to know Jim Landgraf, an apprentice Funeral Director who provides empathetic and professional support during your time of need.\",\"breadcrumb\":{\"@id\":\"https:\/\/www.kenoshafuneralhome.com\/our-team\/dale-moss\/#breadcrumb\"},\"inLanguage\":\"es\",\"potentialAction\":[{\"@type\":\"ReadAction\",\"target\":[\"https:\/\/www.kenoshafuneralhome.com\/our-team\/dale-moss\/\"]}]},{\"@type\":\"ImageObject\",\"inLanguage\":\"es\",\"@id\":\"https:\/\/www.kenoshafuneralhome.com\/our-team\/dale-moss\/#primaryimage\",\"url\":\"https:\/\/www.kenoshafuneralhome.com\/wp-content\/uploads\/2025\/04\/Dale-1-284x300.webp\",\"contentUrl\":\"https:\/\/www.kenoshafuneralhome.com\/wp-content\/uploads\/2025\/04\/Dale-1-284x300.webp\"},{\"@type\":\"BreadcrumbList\",\"@id\":\"https:\/\/www.kenoshafuneralhome.com\/our-team\/dale-moss\/#breadcrumb\",\"itemListElement\":[{\"@type\":\"ListItem\",\"position\":1,\"name\":\"Home\",\"item\":\"https:\/\/www.kenoshafuneralhome.com\/\"},{\"@type\":\"ListItem\",\"position\":2,\"name\":\"Our Team\",\"item\":\"https:\/\/www.kenoshafuneralhome.com\/our-team\/\"},{\"@type\":\"ListItem\",\"position\":3,\"name\":\"Dale Moss\"}]},{\"@type\":\"WebSite\",\"@id\":\"https:\/\/www.kenoshafuneralhome.com\/#website\",\"url\":\"https:\/\/www.kenoshafuneralhome.com\/\",\"name\":\"Piasecki Funeral Home\",\"description\":\"Honoring Legacies Since 1929\",\"publisher\":{\"@id\":\"https:\/\/www.kenoshafuneralhome.com\/#organization\"},\"potentialAction\":[{\"@type\":\"SearchAction\",\"target\":{\"@type\":\"EntryPoint\",\"urlTemplate\":\"https:\/\/www.kenoshafuneralhome.com\/?s={search_term_string}\"},\"query-input\":{\"@type\":\"PropertyValueSpecification\",\"valueRequired\":true,\"valueName\":\"search_term_string\"}}],\"inLanguage\":\"es\"},{\"@type\":\"Organization\",\"@id\":\"https:\/\/www.kenoshafuneralhome.com\/#organization\",\"name\":\"Piasecki Funeral Home\",\"url\":\"https:\/\/www.kenoshafuneralhome.com\/\",\"logo\":{\"@type\":\"ImageObject\",\"inLanguage\":\"es\",\"@id\":\"https:\/\/www.kenoshafuneralhome.com\/#\/schema\/logo\/image\/\",\"url\":\"https:\/\/www.kenoshafuneralhome.com\/wp-content\/uploads\/2022\/01\/90th-Banner-1-jpg.webp\",\"contentUrl\":\"https:\/\/www.kenoshafuneralhome.com\/wp-content\/uploads\/2022\/01\/90th-Banner-1-jpg.webp\",\"width\":1000,\"height\":616,\"caption\":\"Piasecki Funeral Home\"},\"image\":{\"@id\":\"https:\/\/www.kenoshafuneralhome.com\/#\/schema\/logo\/image\/\"},\"sameAs\":[\"https:\/\/www.facebook.com\/PAFuneralHome\/?fref=ts\",\"https:\/\/www.linkedin.com\/company\/piasecki-althaus-funeral-home-&amp;amp;-cremation-services\/\"]}]}<\/script>\n<!-- \/ Yoast SEO plugin. -->","yoast_head_json":{"title":"Dale Moss | Piasecki Funeral Home","description":"Conozca a Jim Landgraf, un aprendiz de director de funeraria que le ofrece apoyo emp\u00e1tico y profesional en los momentos de necesidad.","robots":{"index":"index","follow":"follow","max-snippet":"max-snippet:-1","max-image-preview":"max-image-preview:large","max-video-preview":"max-video-preview:-1"},"canonical":"https:\/\/www.kenoshafuneralhome.com\/es\/nuestro-equipo\/dale-moss\/","og_locale":"es_MX","og_type":"article","og_title":"Dale Moss | Piasecki Funeral Home","og_description":"Get to know Jim Landgraf, an apprentice Funeral Director who provides empathetic and professional support during your time of need.","og_url":"https:\/\/www.kenoshafuneralhome.com\/es\/nuestro-equipo\/dale-moss\/","og_site_name":"Piasecki Funeral Home","article_publisher":"https:\/\/www.facebook.com\/PAFuneralHome\/?fref=ts","article_modified_time":"2025-04-02T14:36:39+00:00","og_image":[{"url":"https:\/\/www.kenoshafuneralhome.com\/wp-content\/uploads\/2025\/04\/Dale-1-284x300.webp","type":"","width":"","height":""}],"twitter_misc":{"Tiempo de lectura":"6 minutos"},"schema":{"@context":"https:\/\/schema.org","@graph":[{"@type":"WebPage","@id":"https:\/\/www.kenoshafuneralhome.com\/our-team\/dale-moss\/","url":"https:\/\/www.kenoshafuneralhome.com\/our-team\/dale-moss\/","name":"Dale Moss | Piasecki Funeral Home","isPartOf":{"@id":"https:\/\/www.kenoshafuneralhome.com\/#website"},"primaryImageOfPage":{"@id":"https:\/\/www.kenoshafuneralhome.com\/our-team\/dale-moss\/#primaryimage"},"image":{"@id":"https:\/\/www.kenoshafuneralhome.com\/our-team\/dale-moss\/#primaryimage"},"thumbnailUrl":"https:\/\/www.kenoshafuneralhome.com\/wp-content\/uploads\/2025\/04\/Dale-1-284x300.webp","datePublished":"2025-04-02T14:28:06+00:00","dateModified":"2025-04-02T14:36:39+00:00","description":"Conozca a Jim Landgraf, un aprendiz de director de funeraria que le ofrece apoyo emp\u00e1tico y profesional en los momentos de necesidad.","breadcrumb":{"@id":"https:\/\/www.kenoshafuneralhome.com\/our-team\/dale-moss\/#breadcrumb"},"inLanguage":"es","potentialAction":[{"@type":"ReadAction","target":["https:\/\/www.kenoshafuneralhome.com\/our-team\/dale-moss\/"]}]},{"@type":"ImageObject","inLanguage":"es","@id":"https:\/\/www.kenoshafuneralhome.com\/our-team\/dale-moss\/#primaryimage","url":"https:\/\/www.kenoshafuneralhome.com\/wp-content\/uploads\/2025\/04\/Dale-1-284x300.webp","contentUrl":"https:\/\/www.kenoshafuneralhome.com\/wp-content\/uploads\/2025\/04\/Dale-1-284x300.webp"},{"@type":"BreadcrumbList","@id":"https:\/\/www.kenoshafuneralhome.com\/our-team\/dale-moss\/#breadcrumb","itemListElement":[{"@type":"ListItem","position":1,"name":"Home","item":"https:\/\/www.kenoshafuneralhome.com\/"},{"@type":"ListItem","position":2,"name":"Our Team","item":"https:\/\/www.kenoshafuneralhome.com\/our-team\/"},{"@type":"ListItem","position":3,"name":"Dale Moss"}]},{"@type":"WebSite","@id":"https:\/\/www.kenoshafuneralhome.com\/#website","url":"https:\/\/www.kenoshafuneralhome.com\/","name":"Funeraria Piasecki","description":"Honrando legados desde 1929","publisher":{"@id":"https:\/\/www.kenoshafuneralhome.com\/#organization"},"potentialAction":[{"@type":"SearchAction","target":{"@type":"EntryPoint","urlTemplate":"https:\/\/www.kenoshafuneralhome.com\/?s={search_term_string}"},"query-input":{"@type":"PropertyValueSpecification","valueRequired":true,"valueName":"search_term_string"}}],"inLanguage":"es"},{"@type":"Organization","@id":"https:\/\/www.kenoshafuneralhome.com\/#organization","name":"Funeraria Piasecki","url":"https:\/\/www.kenoshafuneralhome.com\/","logo":{"@type":"ImageObject","inLanguage":"es","@id":"https:\/\/www.kenoshafuneralhome.com\/#\/schema\/logo\/image\/","url":"https:\/\/www.kenoshafuneralhome.com\/wp-content\/uploads\/2022\/01\/90th-Banner-1-jpg.webp","contentUrl":"https:\/\/www.kenoshafuneralhome.com\/wp-content\/uploads\/2022\/01\/90th-Banner-1-jpg.webp","width":1000,"height":616,"caption":"Piasecki Funeral Home"},"image":{"@id":"https:\/\/www.kenoshafuneralhome.com\/#\/schema\/logo\/image\/"},"sameAs":["https:\/\/www.facebook.com\/PAFuneralHome\/?fref=ts","https:\/\/www.linkedin.com\/company\/piasecki-althaus-funeral-home-&amp;amp;-cremation-services\/"]}]}},"_links":{"self":[{"href":"https:\/\/www.kenoshafuneralhome.com\/es\/wp-json\/wp\/v2\/pages\/8121","targetHints":{"allow":["GET"]}}],"collection":[{"href":"https:\/\/www.kenoshafuneralhome.com\/es\/wp-json\/wp\/v2\/pages"}],"about":[{"href":"https:\/\/www.kenoshafuneralhome.com\/es\/wp-json\/wp\/v2\/types\/page"}],"author":[{"embeddable":true,"href":"https:\/\/www.kenoshafuneralhome.com\/es\/wp-json\/wp\/v2\/users\/9"}],"replies":[{"embeddable":true,"href":"https:\/\/www.kenoshafuneralhome.com\/es\/wp-json\/wp\/v2\/comments?post=8121"}],"version-history":[{"count":6,"href":"https:\/\/www.kenoshafuneralhome.com\/es\/wp-json\/wp\/v2\/pages\/8121\/revisions"}],"predecessor-version":[{"id":8134,"href":"https:\/\/www.kenoshafuneralhome.com\/es\/wp-json\/wp\/v2\/pages\/8121\/revisions\/8134"}],"up":[{"embeddable":true,"href":"https:\/\/www.kenoshafuneralhome.com\/es\/wp-json\/wp\/v2\/pages\/1266"}],"wp:attachment":[{"href":"https:\/\/www.kenoshafuneralhome.com\/es\/wp-json\/wp\/v2\/media?parent=8121"}],"curies":[{"name":"wp","href":"https:\/\/api.w.org\/{rel}","templated":true}]}}