{"id":7292,"date":"2024-04-29T11:30:34","date_gmt":"2024-04-29T16:30:34","guid":{"rendered":"https:\/\/www.kenoshafuneralhome.com\/?page_id=7292"},"modified":"2024-04-29T11:30:34","modified_gmt":"2024-04-29T16:30:34","slug":"barbie-berg","status":"publish","type":"page","link":"https:\/\/www.kenoshafuneralhome.com\/es\/our-team\/barbie-berg\/","title":{"rendered":"Barbie Berg"},"content":{"rendered":"<p><div class=\"fusion-fullwidth fullwidth-box fusion-builder-row-1 fusion-flex-container has-pattern-background has-mask-background nonhundred-percent-fullwidth non-hundred-percent-height-scrolling\" style=\"--awb-border-radius-top-left:0px;--awb-border-radius-top-right:0px;--awb-border-radius-bottom-right:0px;--awb-border-radius-bottom-left:0px;--awb-flex-wrap:wrap;\" ><div class=\"fusion-builder-row fusion-row fusion-flex-align-items-flex-start fusion-flex-content-wrap\" style=\"max-width:1248px;margin-left: calc(-4% \/ 2 );margin-right: calc(-4% \/ 2 );\"><div class=\"fusion-layout-column fusion_builder_column fusion-builder-column-0 fusion_builder_column_1_3 1_3 fusion-flex-column\" style=\"--awb-bg-size:cover;--awb-width-large:33.333333333333%;--awb-margin-top-large:0px;--awb-spacing-right-large:5.76%;--awb-margin-bottom-large:20px;--awb-spacing-left-large:5.76%;--awb-width-medium:100%;--awb-order-medium:0;--awb-spacing-right-medium:1.92%;--awb-spacing-left-medium:1.92%;--awb-width-small:100%;--awb-order-small:0;--awb-spacing-right-small:1.92%;--awb-spacing-left-small:1.92%;\"><div class=\"fusion-column-wrapper fusion-column-has-shadow fusion-flex-justify-content-flex-start fusion-content-layout-column\"><div class=\"fusion-image-element\" style=\"--awb-caption-title-font-family:var(--h2_typography-font-family);--awb-caption-title-font-weight:var(--h2_typography-font-weight);--awb-caption-title-font-style:var(--h2_typography-font-style);--awb-caption-title-size:var(--h2_typography-font-size);--awb-caption-title-transform:var(--h2_typography-text-transform);--awb-caption-title-line-height:var(--h2_typography-line-height);--awb-caption-title-letter-spacing:var(--h2_typography-letter-spacing);\"><span class=\"fusion-imageframe imageframe-none imageframe-1 hover-type-none\"><img decoding=\"async\" width=\"282\" height=\"282\" alt=\"Piasecki Barbiebergweb\" title=\"Piasecki Barbiebergweb\" src=\"https:\/\/www.kenoshafuneralhome.com\/wp-content\/uploads\/2023\/07\/Piasecki_BarbieBergWEB.png\" class=\"img-responsive wp-image-6639\" srcset=\"https:\/\/www.kenoshafuneralhome.com\/wp-content\/uploads\/2023\/07\/Piasecki_BarbieBergWEB-200x200.png 200w, https:\/\/www.kenoshafuneralhome.com\/wp-content\/uploads\/2023\/07\/Piasecki_BarbieBergWEB.png 282w\" sizes=\"(max-width: 1024px) 100vw, (max-width: 640px) 100vw, 282px\" \/><\/span><\/div><div class=\"fusion-title title fusion-title-1 fusion-sep-none fusion-title-text fusion-title-size-five\" style=\"--awb-text-color:var(--awb-color8);--awb-margin-top:35px;--awb-margin-top-small:35px;--awb-margin-right-small:0px;--awb-margin-bottom-small:20px;--awb-margin-left-small:0px;--awb-font-size:20px;\"><h5 class=\"fusion-title-heading title-heading-left fusion-responsive-typography-calculated\" style=\"font-family:&quot;Playfair Display&quot;;font-style:normal;font-weight:700;margin:0;font-size:1em;--fontSize:20;--minFontSize:20;line-height:1.4;\">Contactar con Barbie<\/h5><\/div><div ><a class=\"fusion-button button-flat fusion-button-default-size button-custom fusion-button-default button-1 fusion-button-default-span fusion-button-default-type\" style=\"--button_accent_color:var(--awb-custom_color_3);--button_border_color:var(--awb-custom_color_3);--button_accent_hover_color:var(--awb-custom_color_3);--button_border_hover_color:var(--awb-custom_color_3);--button-border-radius-top-left:0;--button-border-radius-top-right:0;--button-border-radius-bottom-right:0;--button-border-radius-bottom-left:0;--button_gradient_top_color:transparent;--button_gradient_bottom_color:transparent;--button_gradient_top_color_hover:transparent;--button_gradient_bottom_color_hover:transparent;--button_padding-left:0px;--button_typography-font-family:&quot;Open Sans&quot;;--button_typography-font-style:normal;--button_typography-font-weight:400;\" target=\"_self\" href=\"tel:262-658-4101\"><i class=\"fa-phone fas awb-button__icon awb-button__icon--default button-icon-left\" aria-hidden=\"true\"><\/i><span class=\"fusion-button-text awb-button__text awb-button__text--default\">262-658-4101<\/span><\/a><\/div><div ><a class=\"fusion-button button-flat fusion-button-default-size button-custom fusion-button-default button-2 fusion-button-default-span fusion-button-default-type\" style=\"--button_accent_color:var(--awb-custom_color_3);--button_border_color:var(--awb-custom_color_3);--button_accent_hover_color:var(--awb-custom_color_3);--button_border_hover_color:var(--awb-custom_color_3);--button-border-radius-top-left:0;--button-border-radius-top-right:0;--button-border-radius-bottom-right:0;--button-border-radius-bottom-left:0;--button_gradient_top_color:transparent;--button_gradient_bottom_color:transparent;--button_gradient_top_color_hover:transparent;--button_gradient_bottom_color_hover:transparent;--button_padding-left:0px;--button_typography-font-family:&quot;Open Sans&quot;;--button_typography-font-style:normal;--button_typography-font-weight:400;\" target=\"_self\" href=\"mailto:director@piaseckifuneral.com\"><i class=\"fa-envelope fas awb-button__icon awb-button__icon--default button-icon-left\" aria-hidden=\"true\"><\/i><span class=\"fusion-button-text awb-button__text awb-button__text--default\">director@piaseckifuneral.com<\/span><\/a><\/div><\/div><\/div><div class=\"fusion-layout-column fusion_builder_column fusion-builder-column-1 fusion_builder_column_2_3 2_3 fusion-flex-column\" style=\"--awb-bg-size:cover;--awb-width-large:66.666666666667%;--awb-margin-top-large:0px;--awb-spacing-right-large:2.88%;--awb-margin-bottom-large:20px;--awb-spacing-left-large:2.88%;--awb-width-medium:100%;--awb-order-medium:0;--awb-spacing-right-medium:1.92%;--awb-spacing-left-medium:1.92%;--awb-width-small:100%;--awb-order-small:0;--awb-spacing-right-small:1.92%;--awb-spacing-left-small:1.92%;\"><div class=\"fusion-column-wrapper fusion-column-has-shadow fusion-flex-justify-content-flex-start fusion-content-layout-column\"><div class=\"fusion-text fusion-text-1\"><p>Barbie Berg, una apasionada y dedicada Directora Funeraria en Piasecki Funeral Home, trae una mezcla \u00fanica de conocimiento cient\u00edfico y talento art\u00edstico a su papel. Originaria de Lake County, Illinois, Barbie pas\u00f3 seis a\u00f1os estudiando Zoolog\u00eda, con una especializaci\u00f3n en Arte, antes de que la vida la llevara en una nueva direcci\u00f3n. Abrazando la vida familiar, se traslad\u00f3 a Kenosha hace 13 a\u00f1os, donde desde entonces ha echado profundas ra\u00edces en la comunidad.<\/p>\n<p>La trayectoria acad\u00e9mica de Barbie en el servicio funerario comenz\u00f3 en el Worsham College, donde no s\u00f3lo perfeccion\u00f3 sus habilidades, sino que tambi\u00e9n obtuvo distinciones como el premio Bruno B. Bak Embalming Award y se gradu\u00f3 Magna Cum Laude. Su compromiso con la excelencia en la ciencia mortuoria se complementa con su certificaci\u00f3n CANA, asegurando que ella trae tanto el conocimiento y la compasi\u00f3n a cada familia que sirve.<\/p>\n<p>En casa, la vida de Barbie est\u00e1 llena de alegr\u00eda y actividad, rodeada de sus tres queridos hijos y cinco juguetones hurones. Su familia, apoyada por su extraordinaria t\u00eda y sus padres, es su santuario y fuente de fortaleza. Una \u00e1vida fan\u00e1tica de los Chicago Bears, las vidas personales y profesionales de Barbie son un testimonio de su dedicaci\u00f3n, cuidado y la c\u00e1lida y nutritiva presencia que brinda tanto a su familia como a las familias de Piasecki Funeral Home.<\/p>\n<p>Ya sea coordinando un servicio o pasando tiempo en casa, Barbie encarna el esp\u00edritu de comunidad y compasi\u00f3n que caracteriza el legado de servicio de Piasecki.<\/p>\n<\/div><div class=\"fusion-image-element\" style=\"--awb-margin-top:15px;--awb-margin-bottom:35px;--awb-caption-title-font-family:var(--h2_typography-font-family);--awb-caption-title-font-weight:var(--h2_typography-font-weight);--awb-caption-title-font-style:var(--h2_typography-font-style);--awb-caption-title-size:var(--h2_typography-font-size);--awb-caption-title-transform:var(--h2_typography-text-transform);--awb-caption-title-line-height:var(--h2_typography-line-height);--awb-caption-title-letter-spacing:var(--h2_typography-letter-spacing);\"><span class=\"fusion-imageframe imageframe-none imageframe-2 hover-type-none\"><img decoding=\"async\" width=\"1200\" height=\"430\" alt=\"Barbie Ni\u00f1os\" title=\"Barbie Ni\u00f1os\" src=\"https:\/\/www.kenoshafuneralhome.com\/wp-content\/uploads\/2024\/04\/Barbie-Kids.png\" class=\"img-responsive wp-image-7295\" srcset=\"https:\/\/www.kenoshafuneralhome.com\/wp-content\/uploads\/2024\/04\/Barbie-Kids-200x72.png 200w, https:\/\/www.kenoshafuneralhome.com\/wp-content\/uploads\/2024\/04\/Barbie-Kids-400x143.png 400w, https:\/\/www.kenoshafuneralhome.com\/wp-content\/uploads\/2024\/04\/Barbie-Kids-600x215.png 600w, https:\/\/www.kenoshafuneralhome.com\/wp-content\/uploads\/2024\/04\/Barbie-Kids-800x287.png 800w, https:\/\/www.kenoshafuneralhome.com\/wp-content\/uploads\/2024\/04\/Barbie-Kids.png 1200w\" sizes=\"(max-width: 1024px) 100vw, (max-width: 640px) 100vw, 800px\" \/><\/span><\/div><div class=\"fusion-image-element\" style=\"--awb-max-width:150px;--awb-caption-title-font-family:var(--h2_typography-font-family);--awb-caption-title-font-weight:var(--h2_typography-font-weight);--awb-caption-title-font-style:var(--h2_typography-font-style);--awb-caption-title-size:var(--h2_typography-font-size);--awb-caption-title-transform:var(--h2_typography-text-transform);--awb-caption-title-line-height:var(--h2_typography-line-height);--awb-caption-title-letter-spacing:var(--h2_typography-letter-spacing);\"><span class=\"fusion-imageframe imageframe-none imageframe-3 hover-type-none\"><img decoding=\"async\" src=\"https:\/\/www.kenoshafuneralhome.com\/wp-content\/uploads\/2022\/07\/rose@2x.jpg\" alt class=\"img-responsive\"\/><\/span><\/div><\/div><\/div><\/div><\/div><div class=\"fusion-fullwidth fullwidth-box fusion-builder-row-2 fusion-flex-container has-pattern-background has-mask-background nonhundred-percent-fullwidth non-hundred-percent-height-scrolling\" style=\"--awb-border-radius-top-left:0px;--awb-border-radius-top-right:0px;--awb-border-radius-bottom-right:0px;--awb-border-radius-bottom-left:0px;--awb-margin-top:35px;--awb-flex-wrap:wrap;\" ><div class=\"fusion-builder-row fusion-row fusion-flex-align-items-flex-start fusion-flex-content-wrap\" style=\"max-width:1248px;margin-left: calc(-4% \/ 2 );margin-right: calc(-4% \/ 2 );\"><div class=\"fusion-layout-column fusion_builder_column fusion-builder-column-2 fusion_builder_column_1_1 1_1 fusion-flex-column\" style=\"--awb-bg-size:cover;--awb-width-large:100%;--awb-margin-top-large:0px;--awb-spacing-right-large:1.92%;--awb-margin-bottom-large:20px;--awb-spacing-left-large:1.92%;--awb-width-medium:100%;--awb-order-medium:0;--awb-spacing-right-medium:1.92%;--awb-spacing-left-medium:1.92%;--awb-width-small:100%;--awb-order-small:0;--awb-spacing-right-small:1.92%;--awb-spacing-left-small:1.92%;\"><div class=\"fusion-column-wrapper fusion-column-has-shadow fusion-flex-justify-content-flex-start fusion-content-layout-column\"><div style=\"text-align:center;\"><a class=\"fusion-button button-flat fusion-button-default-size button-default fusion-button-default button-3 fusion-button-default-span fusion-button-default-type\" style=\"--button-border-radius-top-left:0;--button-border-radius-top-right:0;--button-border-radius-bottom-right:0;--button-border-radius-bottom-left:0;\" target=\"_self\" href=\"\/es\/nuestro-equipo\/\"><span class=\"fusion-button-text awb-button__text awb-button__text--default\">Conozca al resto de nuestro equipo<\/span><\/a><\/div><\/div><\/div><\/div><\/div><\/p>","protected":false},"excerpt":{"rendered":"","protected":false},"author":9,"featured_media":0,"parent":1266,"menu_order":25,"comment_status":"closed","ping_status":"closed","template":"100-width.php","meta":{"_acf_changed":false,"footnotes":""},"class_list":["post-7292","page","type-page","status-publish","hentry"],"acf":[],"yoast_head":"<!-- This site is optimized with the Yoast SEO plugin v27.2 - https:\/\/yoast.com\/product\/yoast-seo-wordpress\/ -->\n<title>Barbie Berg | Piasecki Funeral Home<\/title>\n<meta name=\"description\" content=\"Get to know Barbie Berg, a Funeral Director who is dedicated to guiding others and providing compassionate care during their time of need.\" \/>\n<meta name=\"robots\" content=\"index, follow, max-snippet:-1, max-image-preview:large, max-video-preview:-1\" \/>\n<link rel=\"canonical\" href=\"https:\/\/www.kenoshafuneralhome.com\/es\/nuestro-equipo\/barbie-berg\/\" \/>\n<meta property=\"og:locale\" content=\"es_MX\" \/>\n<meta property=\"og:type\" content=\"article\" \/>\n<meta property=\"og:title\" content=\"Barbie Berg | Piasecki Funeral Home\" \/>\n<meta property=\"og:description\" content=\"Get to know Barbie Berg, a Funeral Director who is dedicated to guiding others and providing compassionate care during their time of need.\" \/>\n<meta property=\"og:url\" content=\"https:\/\/www.kenoshafuneralhome.com\/es\/nuestro-equipo\/barbie-berg\/\" \/>\n<meta property=\"og:site_name\" content=\"Piasecki Funeral Home\" \/>\n<meta property=\"article:publisher\" content=\"https:\/\/www.facebook.com\/PAFuneralHome\/?fref=ts\" \/>\n<meta property=\"og:image\" content=\"https:\/\/www.kenoshafuneralhome.com\/wp-content\/uploads\/2021\/04\/90th-banner-retina-default-logo.png\" \/>\n\t<meta property=\"og:image:width\" content=\"518\" \/>\n\t<meta property=\"og:image:height\" content=\"266\" \/>\n\t<meta property=\"og:image:type\" content=\"image\/png\" \/>\n<meta name=\"twitter:label1\" content=\"Tiempo de lectura\" \/>\n\t<meta name=\"twitter:data1\" content=\"5 minutos\" \/>\n<script type=\"application\/ld+json\" class=\"yoast-schema-graph\">{\"@context\":\"https:\/\/schema.org\",\"@graph\":[{\"@type\":\"WebPage\",\"@id\":\"https:\/\/www.kenoshafuneralhome.com\/our-team\/barbie-berg\/\",\"url\":\"https:\/\/www.kenoshafuneralhome.com\/our-team\/barbie-berg\/\",\"name\":\"Barbie Berg | Piasecki Funeral Home\",\"isPartOf\":{\"@id\":\"https:\/\/www.kenoshafuneralhome.com\/#website\"},\"datePublished\":\"2024-04-29T16:30:34+00:00\",\"description\":\"Get to know Barbie Berg, a Funeral Director who is dedicated to guiding others and providing compassionate care during their time of need.\",\"breadcrumb\":{\"@id\":\"https:\/\/www.kenoshafuneralhome.com\/our-team\/barbie-berg\/#breadcrumb\"},\"inLanguage\":\"es\",\"potentialAction\":[{\"@type\":\"ReadAction\",\"target\":[\"https:\/\/www.kenoshafuneralhome.com\/our-team\/barbie-berg\/\"]}]},{\"@type\":\"BreadcrumbList\",\"@id\":\"https:\/\/www.kenoshafuneralhome.com\/our-team\/barbie-berg\/#breadcrumb\",\"itemListElement\":[{\"@type\":\"ListItem\",\"position\":1,\"name\":\"Home\",\"item\":\"https:\/\/www.kenoshafuneralhome.com\/\"},{\"@type\":\"ListItem\",\"position\":2,\"name\":\"Our Team\",\"item\":\"https:\/\/www.kenoshafuneralhome.com\/our-team\/\"},{\"@type\":\"ListItem\",\"position\":3,\"name\":\"Barbie Berg\"}]},{\"@type\":\"WebSite\",\"@id\":\"https:\/\/www.kenoshafuneralhome.com\/#website\",\"url\":\"https:\/\/www.kenoshafuneralhome.com\/\",\"name\":\"Piasecki Funeral Home\",\"description\":\"Honoring Legacies Since 1929\",\"publisher\":{\"@id\":\"https:\/\/www.kenoshafuneralhome.com\/#organization\"},\"potentialAction\":[{\"@type\":\"SearchAction\",\"target\":{\"@type\":\"EntryPoint\",\"urlTemplate\":\"https:\/\/www.kenoshafuneralhome.com\/?s={search_term_string}\"},\"query-input\":{\"@type\":\"PropertyValueSpecification\",\"valueRequired\":true,\"valueName\":\"search_term_string\"}}],\"inLanguage\":\"es\"},{\"@type\":\"Organization\",\"@id\":\"https:\/\/www.kenoshafuneralhome.com\/#organization\",\"name\":\"Piasecki Funeral Home\",\"url\":\"https:\/\/www.kenoshafuneralhome.com\/\",\"logo\":{\"@type\":\"ImageObject\",\"inLanguage\":\"es\",\"@id\":\"https:\/\/www.kenoshafuneralhome.com\/#\/schema\/logo\/image\/\",\"url\":\"https:\/\/www.kenoshafuneralhome.com\/wp-content\/uploads\/2022\/01\/90th-Banner-1-jpg.webp\",\"contentUrl\":\"https:\/\/www.kenoshafuneralhome.com\/wp-content\/uploads\/2022\/01\/90th-Banner-1-jpg.webp\",\"width\":1000,\"height\":616,\"caption\":\"Piasecki Funeral Home\"},\"image\":{\"@id\":\"https:\/\/www.kenoshafuneralhome.com\/#\/schema\/logo\/image\/\"},\"sameAs\":[\"https:\/\/www.facebook.com\/PAFuneralHome\/?fref=ts\",\"https:\/\/www.linkedin.com\/company\/piasecki-althaus-funeral-home-&amp;amp;-cremation-services\/\"]}]}<\/script>\n<!-- \/ Yoast SEO plugin. -->","yoast_head_json":{"title":"Barbie Berg | Funeraria Piasecki","description":"Conozca a Barbie Berg, una Directora Funeraria que se dedica a guiar a los dem\u00e1s y a proporcionarles una atenci\u00f3n compasiva en los momentos de necesidad.","robots":{"index":"index","follow":"follow","max-snippet":"max-snippet:-1","max-image-preview":"max-image-preview:large","max-video-preview":"max-video-preview:-1"},"canonical":"https:\/\/www.kenoshafuneralhome.com\/es\/nuestro-equipo\/barbie-berg\/","og_locale":"es_MX","og_type":"article","og_title":"Barbie Berg | Piasecki Funeral Home","og_description":"Get to know Barbie Berg, a Funeral Director who is dedicated to guiding others and providing compassionate care during their time of need.","og_url":"https:\/\/www.kenoshafuneralhome.com\/es\/nuestro-equipo\/barbie-berg\/","og_site_name":"Piasecki Funeral Home","article_publisher":"https:\/\/www.facebook.com\/PAFuneralHome\/?fref=ts","og_image":[{"width":518,"height":266,"url":"https:\/\/www.kenoshafuneralhome.com\/wp-content\/uploads\/2021\/04\/90th-banner-retina-default-logo.png","type":"image\/png"}],"twitter_misc":{"Tiempo de lectura":"5 minutos"},"schema":{"@context":"https:\/\/schema.org","@graph":[{"@type":"WebPage","@id":"https:\/\/www.kenoshafuneralhome.com\/our-team\/barbie-berg\/","url":"https:\/\/www.kenoshafuneralhome.com\/our-team\/barbie-berg\/","name":"Barbie Berg | Funeraria Piasecki","isPartOf":{"@id":"https:\/\/www.kenoshafuneralhome.com\/#website"},"datePublished":"2024-04-29T16:30:34+00:00","description":"Conozca a Barbie Berg, una Directora Funeraria que se dedica a guiar a los dem\u00e1s y a proporcionarles una atenci\u00f3n compasiva en los momentos de necesidad.","breadcrumb":{"@id":"https:\/\/www.kenoshafuneralhome.com\/our-team\/barbie-berg\/#breadcrumb"},"inLanguage":"es","potentialAction":[{"@type":"ReadAction","target":["https:\/\/www.kenoshafuneralhome.com\/our-team\/barbie-berg\/"]}]},{"@type":"BreadcrumbList","@id":"https:\/\/www.kenoshafuneralhome.com\/our-team\/barbie-berg\/#breadcrumb","itemListElement":[{"@type":"ListItem","position":1,"name":"Home","item":"https:\/\/www.kenoshafuneralhome.com\/"},{"@type":"ListItem","position":2,"name":"Our Team","item":"https:\/\/www.kenoshafuneralhome.com\/our-team\/"},{"@type":"ListItem","position":3,"name":"Barbie Berg"}]},{"@type":"WebSite","@id":"https:\/\/www.kenoshafuneralhome.com\/#website","url":"https:\/\/www.kenoshafuneralhome.com\/","name":"Funeraria Piasecki","description":"Honrando legados desde 1929","publisher":{"@id":"https:\/\/www.kenoshafuneralhome.com\/#organization"},"potentialAction":[{"@type":"SearchAction","target":{"@type":"EntryPoint","urlTemplate":"https:\/\/www.kenoshafuneralhome.com\/?s={search_term_string}"},"query-input":{"@type":"PropertyValueSpecification","valueRequired":true,"valueName":"search_term_string"}}],"inLanguage":"es"},{"@type":"Organization","@id":"https:\/\/www.kenoshafuneralhome.com\/#organization","name":"Funeraria Piasecki","url":"https:\/\/www.kenoshafuneralhome.com\/","logo":{"@type":"ImageObject","inLanguage":"es","@id":"https:\/\/www.kenoshafuneralhome.com\/#\/schema\/logo\/image\/","url":"https:\/\/www.kenoshafuneralhome.com\/wp-content\/uploads\/2022\/01\/90th-Banner-1-jpg.webp","contentUrl":"https:\/\/www.kenoshafuneralhome.com\/wp-content\/uploads\/2022\/01\/90th-Banner-1-jpg.webp","width":1000,"height":616,"caption":"Piasecki Funeral Home"},"image":{"@id":"https:\/\/www.kenoshafuneralhome.com\/#\/schema\/logo\/image\/"},"sameAs":["https:\/\/www.facebook.com\/PAFuneralHome\/?fref=ts","https:\/\/www.linkedin.com\/company\/piasecki-althaus-funeral-home-&amp;amp;-cremation-services\/"]}]}},"_links":{"self":[{"href":"https:\/\/www.kenoshafuneralhome.com\/es\/wp-json\/wp\/v2\/pages\/7292","targetHints":{"allow":["GET"]}}],"collection":[{"href":"https:\/\/www.kenoshafuneralhome.com\/es\/wp-json\/wp\/v2\/pages"}],"about":[{"href":"https:\/\/www.kenoshafuneralhome.com\/es\/wp-json\/wp\/v2\/types\/page"}],"author":[{"embeddable":true,"href":"https:\/\/www.kenoshafuneralhome.com\/es\/wp-json\/wp\/v2\/users\/9"}],"replies":[{"embeddable":true,"href":"https:\/\/www.kenoshafuneralhome.com\/es\/wp-json\/wp\/v2\/comments?post=7292"}],"version-history":[{"count":6,"href":"https:\/\/www.kenoshafuneralhome.com\/es\/wp-json\/wp\/v2\/pages\/7292\/revisions"}],"predecessor-version":[{"id":9599,"href":"https:\/\/www.kenoshafuneralhome.com\/es\/wp-json\/wp\/v2\/pages\/7292\/revisions\/9599"}],"up":[{"embeddable":true,"href":"https:\/\/www.kenoshafuneralhome.com\/es\/wp-json\/wp\/v2\/pages\/1266"}],"wp:attachment":[{"href":"https:\/\/www.kenoshafuneralhome.com\/es\/wp-json\/wp\/v2\/media?parent=7292"}],"curies":[{"name":"wp","href":"https:\/\/api.w.org\/{rel}","templated":true}]}}