{"id":5468,"date":"2022-08-25T10:44:31","date_gmt":"2022-08-25T15:44:31","guid":{"rendered":"https:\/\/www.kenoshafuneralhome.com\/?page_id=5468"},"modified":"2024-06-05T14:56:33","modified_gmt":"2024-06-05T19:56:33","slug":"nancy-piasecki","status":"publish","type":"page","link":"https:\/\/www.kenoshafuneralhome.com\/es\/our-team\/nancy-piasecki\/","title":{"rendered":"Nancy Piasecki"},"content":{"rendered":"<p><div class=\"fusion-fullwidth fullwidth-box fusion-builder-row-1 fusion-flex-container has-pattern-background has-mask-background nonhundred-percent-fullwidth non-hundred-percent-height-scrolling\" style=\"--awb-border-radius-top-left:0px;--awb-border-radius-top-right:0px;--awb-border-radius-bottom-right:0px;--awb-border-radius-bottom-left:0px;--awb-flex-wrap:wrap;\" ><div class=\"fusion-builder-row fusion-row fusion-flex-align-items-flex-start fusion-flex-content-wrap\" style=\"max-width:1248px;margin-left: calc(-4% \/ 2 );margin-right: calc(-4% \/ 2 );\"><div class=\"fusion-layout-column fusion_builder_column fusion-builder-column-0 fusion_builder_column_1_3 1_3 fusion-flex-column\" style=\"--awb-bg-size:cover;--awb-width-large:33.333333333333%;--awb-margin-top-large:0px;--awb-spacing-right-large:5.76%;--awb-margin-bottom-large:20px;--awb-spacing-left-large:5.76%;--awb-width-medium:100%;--awb-order-medium:0;--awb-spacing-right-medium:1.92%;--awb-spacing-left-medium:1.92%;--awb-width-small:100%;--awb-order-small:0;--awb-spacing-right-small:1.92%;--awb-spacing-left-small:1.92%;\"><div class=\"fusion-column-wrapper fusion-column-has-shadow fusion-flex-justify-content-flex-start fusion-content-layout-column\"><div class=\"fusion-image-element\" style=\"--awb-caption-title-font-family:var(--h2_typography-font-family);--awb-caption-title-font-weight:var(--h2_typography-font-weight);--awb-caption-title-font-style:var(--h2_typography-font-style);--awb-caption-title-size:var(--h2_typography-font-size);--awb-caption-title-transform:var(--h2_typography-text-transform);--awb-caption-title-line-height:var(--h2_typography-line-height);--awb-caption-title-letter-spacing:var(--h2_typography-letter-spacing);\"><span class=\"fusion-imageframe imageframe-none imageframe-1 hover-type-none\"><img decoding=\"async\" width=\"300\" height=\"300\" title=\"Nancy-Piasecki-con-gafas-Retoque@2x\" src=\"https:\/\/www.kenoshafuneralhome.com\/wp-content\/uploads\/2022\/07\/Nancy-Piasecki-w-glasses-Retouch@2x-300x300.png\" alt class=\"img-responsive wp-image-5055\" srcset=\"https:\/\/www.kenoshafuneralhome.com\/wp-content\/uploads\/2022\/07\/Nancy-Piasecki-w-glasses-Retouch@2x-200x200.png 200w, https:\/\/www.kenoshafuneralhome.com\/wp-content\/uploads\/2022\/07\/Nancy-Piasecki-w-glasses-Retouch@2x-400x400.png 400w, https:\/\/www.kenoshafuneralhome.com\/wp-content\/uploads\/2022\/07\/Nancy-Piasecki-w-glasses-Retouch@2x.png 520w, https:\/\/www.kenoshafuneralhome.com\/wp-content\/uploads\/2022\/07\/Nancy-Piasecki-w-glasses-Retouch@2x-600x600.png 600w, https:\/\/www.kenoshafuneralhome.com\/wp-content\/uploads\/2022\/07\/Nancy-Piasecki-w-glasses-Retouch@2x-800x800.png 800w, https:\/\/www.kenoshafuneralhome.com\/wp-content\/uploads\/2022\/07\/Nancy-Piasecki-w-glasses-Retouch@2x-1200x1200.png 1200w\" sizes=\"(max-width: 1024px) 100vw, (max-width: 640px) 100vw, 400px\" \/><\/span><\/div><div class=\"fusion-title title fusion-title-1 fusion-sep-none fusion-title-text fusion-title-size-five\" style=\"--awb-text-color:var(--awb-color8);--awb-margin-top:35px;--awb-margin-top-small:35px;--awb-margin-right-small:0px;--awb-margin-bottom-small:20px;--awb-margin-left-small:0px;--awb-font-size:20px;\"><h5 class=\"fusion-title-heading title-heading-left fusion-responsive-typography-calculated\" style=\"font-family:&quot;Playfair Display&quot;;font-style:normal;font-weight:700;margin:0;font-size:1em;--fontSize:20;--minFontSize:20;line-height:1.4;\">Contacto<\/h5><\/div><div ><a class=\"fusion-button button-flat fusion-button-default-size button-custom fusion-button-default button-1 fusion-button-default-span fusion-button-default-type\" style=\"--button_accent_color:var(--awb-custom_color_3);--button_border_color:var(--awb-custom_color_3);--button_accent_hover_color:var(--awb-custom_color_3);--button_border_hover_color:var(--awb-custom_color_3);--button-border-radius-top-left:0;--button-border-radius-top-right:0;--button-border-radius-bottom-right:0;--button-border-radius-bottom-left:0;--button_gradient_top_color:transparent;--button_gradient_bottom_color:transparent;--button_gradient_top_color_hover:transparent;--button_gradient_bottom_color_hover:transparent;--button_padding-left:0px;--button_typography-font-family:&quot;Open Sans&quot;;--button_typography-font-style:normal;--button_typography-font-weight:400;\" target=\"_self\" href=\"tel:262-658-4101\"><i class=\"fa-phone fas awb-button__icon awb-button__icon--default button-icon-left\" aria-hidden=\"true\"><\/i><span class=\"fusion-button-text awb-button__text awb-button__text--default\">262-658-4101<\/span><\/a><\/div><div ><a class=\"fusion-button button-flat fusion-button-default-size button-custom fusion-button-default button-2 fusion-button-default-span fusion-button-default-type\" style=\"--button_accent_color:var(--awb-custom_color_3);--button_border_color:var(--awb-custom_color_3);--button_accent_hover_color:var(--awb-custom_color_3);--button_border_hover_color:var(--awb-custom_color_3);--button-border-radius-top-left:0;--button-border-radius-top-right:0;--button-border-radius-bottom-right:0;--button-border-radius-bottom-left:0;--button_gradient_top_color:transparent;--button_gradient_bottom_color:transparent;--button_gradient_top_color_hover:transparent;--button_gradient_bottom_color_hover:transparent;--button_padding-left:0px;--button_typography-font-family:&quot;Open Sans&quot;;--button_typography-font-style:normal;--button_typography-font-weight:400;\" target=\"_self\" href=\"mailto:admin@piaseckifuneral.com\"><i class=\"fa-envelope fas awb-button__icon awb-button__icon--default button-icon-left\" aria-hidden=\"true\"><\/i><span class=\"fusion-button-text awb-button__text awb-button__text--default\">admin@piaseckifuneral.com<\/span><\/a><\/div><\/div><\/div><div class=\"fusion-layout-column fusion_builder_column fusion-builder-column-1 fusion_builder_column_2_3 2_3 fusion-flex-column\" style=\"--awb-bg-size:cover;--awb-width-large:66.666666666667%;--awb-margin-top-large:0px;--awb-spacing-right-large:2.88%;--awb-margin-bottom-large:20px;--awb-spacing-left-large:2.88%;--awb-width-medium:100%;--awb-order-medium:0;--awb-spacing-right-medium:1.92%;--awb-spacing-left-medium:1.92%;--awb-width-small:100%;--awb-order-small:0;--awb-spacing-right-small:1.92%;--awb-spacing-left-small:1.92%;\"><div class=\"fusion-column-wrapper fusion-column-has-shadow fusion-flex-justify-content-flex-start fusion-content-layout-column\"><div class=\"fusion-text fusion-text-1\"><p>Tras una distinguida y sentida carrera de casi siete d\u00e9cadas, Nancy Piasecki ha decidido retirarse de su puesto en la funeraria Piasecki, un faro de comodidad y servicio en nuestra comunidad desde 1931. La trayectoria de Nancy en la funeraria comenz\u00f3 en 1955, cuando se cas\u00f3 y entr\u00f3 en el negocio, adentr\u00e1ndose en un mundo que, por aquel entonces, era territorio desconocido para las mujeres. Con dedicaci\u00f3n y un esp\u00edritu inquebrantable, no s\u00f3lo tuvo \u00e9xito, sino que prosper\u00f3, allanando el camino para las generaciones futuras.<\/p>\n<p>La contribuci\u00f3n inicial de Nancy fue la modernizaci\u00f3n de la gesti\u00f3n financiera del negocio, pasando de un simple cuaderno a un completo sistema de contabilidad y tenedur\u00eda de libros. Su papel evolucion\u00f3 a lo largo de los a\u00f1os, desde la gesti\u00f3n del clero, los ata\u00fades y los pedidos de b\u00f3vedas hasta la direcci\u00f3n de la funeraria en sus momentos m\u00e1s dif\u00edciles, especialmente tras el fallecimiento de su marido, Michael J. Piasecki, en 1984. Bajo su direcci\u00f3n, los servicios de la funeraria crecieron exponencialmente, como testimonio del liderazgo de Nancy y del esfuerzo colectivo de un equipo entregado.<\/p>\n<p>Su legado incluye no s\u00f3lo el crecimiento de la funeraria, sino tambi\u00e9n su importante participaci\u00f3n en diversas organizaciones locales, donde ocup\u00f3 numerosos cargos de liderazgo, contribuyendo a la mejora de la comunidad de Kenosha. El compromiso de Nancy con el servicio se reflej\u00f3 en su vida personal, donde fue una madre, abuela y amiga devota, siempre encontrando alegr\u00eda en el tiempo que pasaba con sus seres queridos.<\/p>\n<\/div><div class=\"fusion-image-element\" style=\"--awb-max-width:150px;--awb-caption-title-font-family:var(--h2_typography-font-family);--awb-caption-title-font-weight:var(--h2_typography-font-weight);--awb-caption-title-font-style:var(--h2_typography-font-style);--awb-caption-title-size:var(--h2_typography-font-size);--awb-caption-title-transform:var(--h2_typography-text-transform);--awb-caption-title-line-height:var(--h2_typography-line-height);--awb-caption-title-letter-spacing:var(--h2_typography-letter-spacing);\"><span class=\"fusion-imageframe imageframe-none imageframe-2 hover-type-none\"><img decoding=\"async\" src=\"https:\/\/www.kenoshafuneralhome.com\/wp-content\/uploads\/2022\/07\/rose@2x.jpg\" alt class=\"img-responsive\"\/><\/span><\/div><\/div><\/div><\/div><\/div><div class=\"fusion-fullwidth fullwidth-box fusion-builder-row-2 fusion-flex-container has-pattern-background has-mask-background nonhundred-percent-fullwidth non-hundred-percent-height-scrolling\" style=\"--awb-border-radius-top-left:0px;--awb-border-radius-top-right:0px;--awb-border-radius-bottom-right:0px;--awb-border-radius-bottom-left:0px;--awb-margin-top:35px;--awb-flex-wrap:wrap;\" ><div class=\"fusion-builder-row fusion-row fusion-flex-align-items-flex-start fusion-flex-content-wrap\" style=\"max-width:1248px;margin-left: calc(-4% \/ 2 );margin-right: calc(-4% \/ 2 );\"><div class=\"fusion-layout-column fusion_builder_column fusion-builder-column-2 fusion_builder_column_1_1 1_1 fusion-flex-column\" style=\"--awb-bg-size:cover;--awb-width-large:100%;--awb-margin-top-large:0px;--awb-spacing-right-large:1.92%;--awb-margin-bottom-large:20px;--awb-spacing-left-large:1.92%;--awb-width-medium:100%;--awb-order-medium:0;--awb-spacing-right-medium:1.92%;--awb-spacing-left-medium:1.92%;--awb-width-small:100%;--awb-order-small:0;--awb-spacing-right-small:1.92%;--awb-spacing-left-small:1.92%;\"><div class=\"fusion-column-wrapper fusion-column-has-shadow fusion-flex-justify-content-flex-start fusion-content-layout-column\"><div style=\"text-align:center;\"><a class=\"fusion-button button-flat fusion-button-default-size button-default fusion-button-default button-3 fusion-button-default-span fusion-button-default-type\" style=\"--button-border-radius-top-left:0;--button-border-radius-top-right:0;--button-border-radius-bottom-right:0;--button-border-radius-bottom-left:0;\" target=\"_self\" href=\"\/es\/nuestro-equipo\/\"><span class=\"fusion-button-text awb-button__text awb-button__text--default\">Conozca al resto de nuestro equipo<\/span><\/a><\/div><\/div><\/div><\/div><\/div><\/p>","protected":false},"excerpt":{"rendered":"","protected":false},"author":9,"featured_media":0,"parent":1266,"menu_order":20,"comment_status":"closed","ping_status":"closed","template":"100-width.php","meta":{"_acf_changed":false,"footnotes":""},"class_list":["post-5468","page","type-page","status-publish","hentry"],"acf":[],"yoast_head":"<!-- This site is optimized with the Yoast SEO plugin v27.2 - https:\/\/yoast.com\/product\/yoast-seo-wordpress\/ -->\n<title>Nancy Piasecki | Piasecki Funeral Home<\/title>\n<meta name=\"description\" content=\"Introducing Nancy Piasecki, president and owner of Piasecki Funeral Home, who is dedicated to providing dignified and personalized funeral services.\" \/>\n<meta name=\"robots\" content=\"index, follow, max-snippet:-1, max-image-preview:large, max-video-preview:-1\" \/>\n<link rel=\"canonical\" href=\"https:\/\/www.kenoshafuneralhome.com\/es\/nuestro-equipo\/nancy-piasecki\/\" \/>\n<meta property=\"og:locale\" content=\"es_MX\" \/>\n<meta property=\"og:type\" content=\"article\" \/>\n<meta property=\"og:title\" content=\"Nancy Piasecki | Piasecki Funeral Home\" \/>\n<meta property=\"og:description\" content=\"Introducing Nancy Piasecki, president and owner of Piasecki Funeral Home, who is dedicated to providing dignified and personalized funeral services.\" \/>\n<meta property=\"og:url\" content=\"https:\/\/www.kenoshafuneralhome.com\/es\/nuestro-equipo\/nancy-piasecki\/\" \/>\n<meta property=\"og:site_name\" content=\"Piasecki Funeral Home\" \/>\n<meta property=\"article:publisher\" content=\"https:\/\/www.facebook.com\/PAFuneralHome\/?fref=ts\" \/>\n<meta property=\"article:modified_time\" content=\"2024-06-05T19:56:33+00:00\" \/>\n<meta property=\"og:image\" content=\"https:\/\/www.kenoshafuneralhome.com\/wp-content\/uploads\/2021\/04\/90th-banner-retina-default-logo.png\" \/>\n\t<meta property=\"og:image:width\" content=\"518\" \/>\n\t<meta property=\"og:image:height\" content=\"266\" \/>\n\t<meta property=\"og:image:type\" content=\"image\/png\" \/>\n<meta name=\"twitter:label1\" content=\"Tiempo de lectura\" \/>\n\t<meta name=\"twitter:data1\" content=\"3 minutos\" \/>\n<script type=\"application\/ld+json\" class=\"yoast-schema-graph\">{\"@context\":\"https:\/\/schema.org\",\"@graph\":[{\"@type\":\"WebPage\",\"@id\":\"https:\/\/www.kenoshafuneralhome.com\/our-team\/nancy-piasecki\/\",\"url\":\"https:\/\/www.kenoshafuneralhome.com\/our-team\/nancy-piasecki\/\",\"name\":\"Nancy Piasecki | Piasecki Funeral Home\",\"isPartOf\":{\"@id\":\"https:\/\/www.kenoshafuneralhome.com\/#website\"},\"datePublished\":\"2022-08-25T15:44:31+00:00\",\"dateModified\":\"2024-06-05T19:56:33+00:00\",\"description\":\"Introducing Nancy Piasecki, president and owner of Piasecki Funeral Home, who is dedicated to providing dignified and personalized funeral services.\",\"breadcrumb\":{\"@id\":\"https:\/\/www.kenoshafuneralhome.com\/our-team\/nancy-piasecki\/#breadcrumb\"},\"inLanguage\":\"es\",\"potentialAction\":[{\"@type\":\"ReadAction\",\"target\":[\"https:\/\/www.kenoshafuneralhome.com\/our-team\/nancy-piasecki\/\"]}]},{\"@type\":\"BreadcrumbList\",\"@id\":\"https:\/\/www.kenoshafuneralhome.com\/our-team\/nancy-piasecki\/#breadcrumb\",\"itemListElement\":[{\"@type\":\"ListItem\",\"position\":1,\"name\":\"Home\",\"item\":\"https:\/\/www.kenoshafuneralhome.com\/\"},{\"@type\":\"ListItem\",\"position\":2,\"name\":\"Our Team\",\"item\":\"https:\/\/www.kenoshafuneralhome.com\/our-team\/\"},{\"@type\":\"ListItem\",\"position\":3,\"name\":\"Nancy Piasecki\"}]},{\"@type\":\"WebSite\",\"@id\":\"https:\/\/www.kenoshafuneralhome.com\/#website\",\"url\":\"https:\/\/www.kenoshafuneralhome.com\/\",\"name\":\"Piasecki Funeral Home\",\"description\":\"Honoring Legacies Since 1929\",\"publisher\":{\"@id\":\"https:\/\/www.kenoshafuneralhome.com\/#organization\"},\"potentialAction\":[{\"@type\":\"SearchAction\",\"target\":{\"@type\":\"EntryPoint\",\"urlTemplate\":\"https:\/\/www.kenoshafuneralhome.com\/?s={search_term_string}\"},\"query-input\":{\"@type\":\"PropertyValueSpecification\",\"valueRequired\":true,\"valueName\":\"search_term_string\"}}],\"inLanguage\":\"es\"},{\"@type\":\"Organization\",\"@id\":\"https:\/\/www.kenoshafuneralhome.com\/#organization\",\"name\":\"Piasecki Funeral Home\",\"url\":\"https:\/\/www.kenoshafuneralhome.com\/\",\"logo\":{\"@type\":\"ImageObject\",\"inLanguage\":\"es\",\"@id\":\"https:\/\/www.kenoshafuneralhome.com\/#\/schema\/logo\/image\/\",\"url\":\"https:\/\/www.kenoshafuneralhome.com\/wp-content\/uploads\/2022\/01\/90th-Banner-1-jpg.webp\",\"contentUrl\":\"https:\/\/www.kenoshafuneralhome.com\/wp-content\/uploads\/2022\/01\/90th-Banner-1-jpg.webp\",\"width\":1000,\"height\":616,\"caption\":\"Piasecki Funeral Home\"},\"image\":{\"@id\":\"https:\/\/www.kenoshafuneralhome.com\/#\/schema\/logo\/image\/\"},\"sameAs\":[\"https:\/\/www.facebook.com\/PAFuneralHome\/?fref=ts\",\"https:\/\/www.linkedin.com\/company\/piasecki-althaus-funeral-home-&amp;amp;-cremation-services\/\"]}]}<\/script>\n<!-- \/ Yoast SEO plugin. -->","yoast_head_json":{"title":"Nancy Piasecki | Funeraria Piasecki","description":"Le presentamos a Nancy Piasecki, presidenta y propietaria de Piasecki Funeral Home, que se dedica a ofrecer servicios funerarios dignos y personalizados.","robots":{"index":"index","follow":"follow","max-snippet":"max-snippet:-1","max-image-preview":"max-image-preview:large","max-video-preview":"max-video-preview:-1"},"canonical":"https:\/\/www.kenoshafuneralhome.com\/es\/nuestro-equipo\/nancy-piasecki\/","og_locale":"es_MX","og_type":"article","og_title":"Nancy Piasecki | Piasecki Funeral Home","og_description":"Introducing Nancy Piasecki, president and owner of Piasecki Funeral Home, who is dedicated to providing dignified and personalized funeral services.","og_url":"https:\/\/www.kenoshafuneralhome.com\/es\/nuestro-equipo\/nancy-piasecki\/","og_site_name":"Piasecki Funeral Home","article_publisher":"https:\/\/www.facebook.com\/PAFuneralHome\/?fref=ts","article_modified_time":"2024-06-05T19:56:33+00:00","og_image":[{"width":518,"height":266,"url":"https:\/\/www.kenoshafuneralhome.com\/wp-content\/uploads\/2021\/04\/90th-banner-retina-default-logo.png","type":"image\/png"}],"twitter_misc":{"Tiempo de lectura":"3 minutos"},"schema":{"@context":"https:\/\/schema.org","@graph":[{"@type":"WebPage","@id":"https:\/\/www.kenoshafuneralhome.com\/our-team\/nancy-piasecki\/","url":"https:\/\/www.kenoshafuneralhome.com\/our-team\/nancy-piasecki\/","name":"Nancy Piasecki | Funeraria Piasecki","isPartOf":{"@id":"https:\/\/www.kenoshafuneralhome.com\/#website"},"datePublished":"2022-08-25T15:44:31+00:00","dateModified":"2024-06-05T19:56:33+00:00","description":"Le presentamos a Nancy Piasecki, presidenta y propietaria de Piasecki Funeral Home, que se dedica a ofrecer servicios funerarios dignos y personalizados.","breadcrumb":{"@id":"https:\/\/www.kenoshafuneralhome.com\/our-team\/nancy-piasecki\/#breadcrumb"},"inLanguage":"es","potentialAction":[{"@type":"ReadAction","target":["https:\/\/www.kenoshafuneralhome.com\/our-team\/nancy-piasecki\/"]}]},{"@type":"BreadcrumbList","@id":"https:\/\/www.kenoshafuneralhome.com\/our-team\/nancy-piasecki\/#breadcrumb","itemListElement":[{"@type":"ListItem","position":1,"name":"Home","item":"https:\/\/www.kenoshafuneralhome.com\/"},{"@type":"ListItem","position":2,"name":"Our Team","item":"https:\/\/www.kenoshafuneralhome.com\/our-team\/"},{"@type":"ListItem","position":3,"name":"Nancy Piasecki"}]},{"@type":"WebSite","@id":"https:\/\/www.kenoshafuneralhome.com\/#website","url":"https:\/\/www.kenoshafuneralhome.com\/","name":"Funeraria Piasecki","description":"Honrando legados desde 1929","publisher":{"@id":"https:\/\/www.kenoshafuneralhome.com\/#organization"},"potentialAction":[{"@type":"SearchAction","target":{"@type":"EntryPoint","urlTemplate":"https:\/\/www.kenoshafuneralhome.com\/?s={search_term_string}"},"query-input":{"@type":"PropertyValueSpecification","valueRequired":true,"valueName":"search_term_string"}}],"inLanguage":"es"},{"@type":"Organization","@id":"https:\/\/www.kenoshafuneralhome.com\/#organization","name":"Funeraria Piasecki","url":"https:\/\/www.kenoshafuneralhome.com\/","logo":{"@type":"ImageObject","inLanguage":"es","@id":"https:\/\/www.kenoshafuneralhome.com\/#\/schema\/logo\/image\/","url":"https:\/\/www.kenoshafuneralhome.com\/wp-content\/uploads\/2022\/01\/90th-Banner-1-jpg.webp","contentUrl":"https:\/\/www.kenoshafuneralhome.com\/wp-content\/uploads\/2022\/01\/90th-Banner-1-jpg.webp","width":1000,"height":616,"caption":"Piasecki Funeral Home"},"image":{"@id":"https:\/\/www.kenoshafuneralhome.com\/#\/schema\/logo\/image\/"},"sameAs":["https:\/\/www.facebook.com\/PAFuneralHome\/?fref=ts","https:\/\/www.linkedin.com\/company\/piasecki-althaus-funeral-home-&amp;amp;-cremation-services\/"]}]}},"_links":{"self":[{"href":"https:\/\/www.kenoshafuneralhome.com\/es\/wp-json\/wp\/v2\/pages\/5468","targetHints":{"allow":["GET"]}}],"collection":[{"href":"https:\/\/www.kenoshafuneralhome.com\/es\/wp-json\/wp\/v2\/pages"}],"about":[{"href":"https:\/\/www.kenoshafuneralhome.com\/es\/wp-json\/wp\/v2\/types\/page"}],"author":[{"embeddable":true,"href":"https:\/\/www.kenoshafuneralhome.com\/es\/wp-json\/wp\/v2\/users\/9"}],"replies":[{"embeddable":true,"href":"https:\/\/www.kenoshafuneralhome.com\/es\/wp-json\/wp\/v2\/comments?post=5468"}],"version-history":[{"count":7,"href":"https:\/\/www.kenoshafuneralhome.com\/es\/wp-json\/wp\/v2\/pages\/5468\/revisions"}],"predecessor-version":[{"id":7459,"href":"https:\/\/www.kenoshafuneralhome.com\/es\/wp-json\/wp\/v2\/pages\/5468\/revisions\/7459"}],"up":[{"embeddable":true,"href":"https:\/\/www.kenoshafuneralhome.com\/es\/wp-json\/wp\/v2\/pages\/1266"}],"wp:attachment":[{"href":"https:\/\/www.kenoshafuneralhome.com\/es\/wp-json\/wp\/v2\/media?parent=5468"}],"curies":[{"name":"wp","href":"https:\/\/api.w.org\/{rel}","templated":true}]}}