{"id":1267,"date":"2016-08-02T11:05:23","date_gmt":"2016-08-02T11:05:23","guid":{"rendered":"https:\/\/www.kenoshafuneralhome.com\/?page_id=12"},"modified":"2025-06-16T13:32:44","modified_gmt":"2025-06-16T18:32:44","slug":"obituaries","status":"publish","type":"page","link":"https:\/\/www.kenoshafuneralhome.com\/es\/obituaries\/","title":{"rendered":"Obituarios"},"content":{"rendered":"<p><div class=\"fusion-fullwidth fullwidth-box fusion-builder-row-1 fusion-flex-container has-pattern-background has-mask-background nonhundred-percent-fullwidth non-hundred-percent-height-scrolling\" style=\"--awb-border-radius-top-left:0px;--awb-border-radius-top-right:0px;--awb-border-radius-bottom-right:0px;--awb-border-radius-bottom-left:0px;--awb-flex-wrap:wrap;\" ><div class=\"fusion-builder-row fusion-row fusion-flex-align-items-flex-start fusion-flex-justify-content-center fusion-flex-content-wrap\" style=\"max-width:1248px;margin-left: calc(-4% \/ 2 );margin-right: calc(-4% \/ 2 );\"><div class=\"fusion-layout-column fusion_builder_column fusion-builder-column-0 fusion_builder_column_1_1 1_1 fusion-flex-column obit-body\" style=\"--awb-bg-size:cover;--awb-width-large:100%;--awb-margin-top-large:0px;--awb-spacing-right-large:1.92%;--awb-margin-bottom-large:20px;--awb-spacing-left-large:1.92%;--awb-width-medium:100%;--awb-order-medium:0;--awb-spacing-right-medium:1.92%;--awb-spacing-left-medium:1.92%;--awb-width-small:100%;--awb-order-small:0;--awb-spacing-right-small:1.92%;--awb-spacing-left-small:1.92%;\"><div class=\"fusion-column-wrapper fusion-column-has-shadow fusion-flex-justify-content-flex-start fusion-content-layout-column\"><div class=\"fusion-title title fusion-title-3 fusion-sep-none fusion-title-center fusion-title-text fusion-title-size-one\" style=\"--awb-margin-top:35px;--awb-margin-bottom:35px;\"><h1 class=\"fusion-title-heading title-heading-center fusion-responsive-typography-calculated\" style=\"font-family:&quot;Playfair Display&quot;;font-style:normal;font-weight:700;margin:0;--fontSize:48;line-height:1.4;\">Obituarios<\/h1><\/div><div class=\"fusion-text fusion-text-7 md-text-align-center sm-text-align-center\" style=\"--awb-content-alignment:left;\"><p>A continuaci\u00f3n encontrar\u00e1 una lista de los seres queridos que recientemente han pasado a nuestro cuidado. Para ver notificaciones anteriores, despl\u00e1cese hasta la parte inferior de esta p\u00e1gina o utilice la funci\u00f3n Buscar obituarios para encontrar a un amigo o ser querido. Si desea dar el p\u00e9same o compartir un recuerdo, no dude en enviar un formulario de p\u00e9same en l\u00ednea que encontrar\u00e1 en la pesta\u00f1a Muro de los recuerdos. Sus recuerdos y palabras de apoyo y aliento tambi\u00e9n aparecer\u00e1n en la pesta\u00f1a Muro de los recuerdos.<\/p><\/div><form method=\"get\" class=\"obit-search-form\" style=\"margin-bottom: 20px;\" action=\"\"><input type=\"text\" name=\"search\" value=\"\" placeholder=\"B\u00fasqueda por nombre o apellido\" style=\"padding: 10px; width: 300px; border: 1px solid #ccc; border-radius: 5px;\"><button type=\"submit\" style=\"padding: 10px 20px; background-color: #091861; color: #fff; border: none; border-radius: 5px; cursor: pointer;\">Buscar en<\/button><a href=\"\/obituaries\/?f=obits&#038;pagenum=124\" style=\"padding: 10px 20px; background-color: #ccc; color: #000; border: none; border-radius: 5px; cursor: pointer; margin-left: 10px;\">Claro<\/a><input type=\"hidden\" name=\"trp-form-language\" value=\"es\"\/><\/form><style>.obit-list {display: grid; grid-template-columns: auto auto auto auto auto; padding: 10px; gap: 1em;}.obit-item {padding: 30px 20px; width: 100%; background: #F4F4F4; border-radius: 0px; border-bottom: 5px solid #091861; padding: 20px; text-align: center;}.obit-item.vet { background-image: url(\/wp-content\/uploads\/2022\/07\/flag-border.png) !important; background-size: contain; background-repeat: no-repeat;background-position: bottom; background-color: #091861; border-bottom: 0px solid #091861; }.obit-item.vet p { color: #fff; background: #09196163 !important;}.obit-photo-container { height: 190px; margin: 0 auto; }.obit-photo { border-style: none; vertical-align: top; max-width: 150px; height: auto; max-height: 190px; width: 100%; }.post-content p.obit-name { font-size: 16px; line-height: 1.2; margin: 10px 0 20px 0;}.obit-date { font-size: 14px; line-height: 1.2; }.obit-details { text-align: center; }.obit-item a { text-decoration: none;}.pagination { text-align: center; margin-top: 20px; }.pagination a, .pagination span { margin: 0 5px; text-decoration: none; padding: 5px 10px; background: #091861; color: #fff; border-radius: 3px; }.pagination .pages { color: #091861; background: transparent; }.pagination a:hover { background: #F4F4F4; color: #091861; }.pagination .current { background: #F4F4F4; color: #091861; }.pagination a:active { background: #F4F4F4; color: #091861; }.obit-list { display: grid;    grid-template-columns: repeat(auto-fit, minmax(200px, 1fr)); padding: 10px; gap: 1em; }\r\n\r\n    @media (max-width: 1200px) {\r\n        .obit-list {\r\n            grid-template-columns: repeat(auto-fit, minmax(180px, 1fr)); \/* Adjust for medium screens *\/\r\n        }\r\n    }\r\n\r\n    @media (max-width: 768px) {\r\n        .obit-photo-container {\r\n            height: auto;\r\n        }   \r\n        .obit-list {\r\n            display: block; \/* Stack items on smaller screens *\/\r\n            grid-template-columns: none; \/* Reset grid columns *\/\r\n        }\r\n        .obit-item {\r\n            width: 100%; \/* Full width for each item *\/\r\n            margin-bottom: 20px; \/* Space between items *\/\r\n        }\r\n        .obit-photo {\r\n            border-style: none;\r\n            vertical-align: top;\r\n            max-width: 100%;\r\n            height: auto;\r\n            max-height: unset;\r\n            width: 100%;\r\n            aspect-ratio: unset;\r\n        }\r\n    }<\/style><div class=\"obit-list\"><div class=\"obit-item\"><a href=\"https:\/\/www.kenoshafuneralhome.com\/obituaries\/donna-biernat\/2707\/\"><div class=\"obit-photo-container\"><img decoding=\"async\" class=\"obit-photo\" src=\"https:\/\/www.kenoshafuneralhome.com\/wp-content\/uploads\/2025\/03\/Biernat-Donna-Obit-Photo-2-cropped-jpg.webp\" alt=\"Donna Biernat\"><\/div><div class=\"obit-details\"><p class=\"obit-name\">Donna Biernat<\/p><p class=\"obit-date\">29 de enero de 1945. <br>28 de febrero de 2025<\/p><\/div><\/a><\/div><div class=\"obit-item\"><a href=\"https:\/\/www.kenoshafuneralhome.com\/obituaries\/tommy-land\/2704\/\"><div class=\"obit-photo-container\"><img decoding=\"async\" class=\"obit-photo\" src=\"https:\/\/www.kenoshafuneralhome.com\/wp-content\/uploads\/2025\/02\/Land-Tommy-obit-photo-jpg.webp\" alt=\"Tommy Land\"><\/div><div class=\"obit-details\"><p class=\"obit-name\">Tommy Land<\/p><p class=\"obit-date\">1 de febrero de 1945. <br>22 de febrero de 2025<\/p><\/div><\/a><\/div><div class=\"obit-item\"><a href=\"https:\/\/www.kenoshafuneralhome.com\/obituaries\/jennifer-colboth\/2705\/\"><div class=\"obit-photo-container\"><img decoding=\"async\" class=\"obit-photo\" src=\"https:\/\/www.kenoshafuneralhome.com\/wp-content\/uploads\/2025\/02\/Colboth-Jennifer-obit-Photo-jpeg.webp\" alt=\"Jennifer Colboth\"><\/div><div class=\"obit-details\"><p class=\"obit-name\">Jennifer Colboth<\/p><p class=\"obit-date\">15 de noviembre de 1971. <br>21 de febrero de 2025<\/p><\/div><\/a><\/div><div class=\"obit-item vet\"><a href=\"https:\/\/www.kenoshafuneralhome.com\/obituaries\/william-rice-jr\/2703\/\"><div class=\"obit-photo-container\"><img decoding=\"async\" class=\"obit-photo\" src=\"https:\/\/www.kenoshafuneralhome.com\/wp-content\/uploads\/2025\/02\/Rice-William-obit-photo-color-KNEWS-jpg.webp\" alt=\"William Rice Jr.\"><\/div><div class=\"obit-details\"><p class=\"obit-name\">William Rice Jr.<\/p><p class=\"obit-date\">28 de junio de 1930. <br>18 de febrero de 2025<\/p><\/div><\/a><\/div><div class=\"obit-item\"><a href=\"https:\/\/www.kenoshafuneralhome.com\/obituaries\/laurie-banta\/2702\/\"><div class=\"obit-photo-container\"><img decoding=\"async\" class=\"obit-photo\" src=\"https:\/\/www.kenoshafuneralhome.com\/wp-content\/uploads\/2025\/02\/Banta-Laurie-Obit-photo-1-cropped-jpg.webp\" alt=\"Laurie Banta\"><\/div><div class=\"obit-details\"><p class=\"obit-name\">Laurie Banta<\/p><p class=\"obit-date\">3 de abril de 1954. <br>16 de febrero de 2025<\/p><\/div><\/a><\/div><div class=\"obit-item\"><a href=\"https:\/\/www.kenoshafuneralhome.com\/obituaries\/donald-kisielewski-jr\/2701\/\"><div class=\"obit-photo-container\"><img decoding=\"async\" class=\"obit-photo\" src=\"https:\/\/www.kenoshafuneralhome.com\/wp-content\/uploads\/2025\/02\/Kisielewski-Donald-Obit-photo-cropped-jpeg.webp\" alt=\"Donald Kisielewski Jr.\"><\/div><div class=\"obit-details\"><p class=\"obit-name\">Donald Kisielewski Jr.<\/p><p class=\"obit-date\">30 de octubre de 1964 - <br>15 de febrero de 2025<\/p><\/div><\/a><\/div><div class=\"obit-item\"><a href=\"https:\/\/www.kenoshafuneralhome.com\/obituaries\/samuel-gulbranson\/2700\/\"><div class=\"obit-photo-container\"><img decoding=\"async\" class=\"obit-photo\" src=\"https:\/\/www.kenoshafuneralhome.com\/wp-content\/uploads\/2025\/02\/Gulbranson-Samuel-Obit-Photo-jpeg.webp\" alt=\"Samuel Gulbranson\"><\/div><div class=\"obit-details\"><p class=\"obit-name\">Samuel Gulbranson<\/p><p class=\"obit-date\">28 de octubre de 1999 - <br>14 de febrero de 2025<\/p><\/div><\/a><\/div><div class=\"obit-item\"><a href=\"https:\/\/www.kenoshafuneralhome.com\/obituaries\/renee-frazier-morrison\/2699\/\"><div class=\"obit-photo-container\"><img decoding=\"async\" class=\"obit-photo\" src=\"https:\/\/www.kenoshafuneralhome.com\/wp-content\/uploads\/2025\/02\/Frazier-Morrison-Renee-obit-photo-cropped.png\" alt=\"Renee Frazier Morrison\"><\/div><div class=\"obit-details\"><p class=\"obit-name\">Renee Frazier Morrison<\/p><p class=\"obit-date\">10 de agosto de 1954. <br>11 de febrero de 2025<\/p><\/div><\/a><\/div><div class=\"obit-item\"><a href=\"https:\/\/www.kenoshafuneralhome.com\/obituaries\/delores-lorie-biddle\/2695\/\"><div class=\"obit-photo-container\"><img decoding=\"async\" class=\"obit-photo\" src=\"https:\/\/www.kenoshafuneralhome.com\/wp-content\/uploads\/2025\/02\/Biddle-Delores-Full-Obit-Photo-cropped-jpg.webp\" alt=\"Delores &quot;Lorie&quot; Biddle\"><\/div><div class=\"obit-details\"><p class=\"obit-name\">Delores \"Lorie\" Biddle<\/p><p class=\"obit-date\">16 de agosto de 1931. <br>10 de febrero de 2025<\/p><\/div><\/a><\/div><div class=\"obit-item vet\"><a href=\"https:\/\/www.kenoshafuneralhome.com\/obituaries\/jack-hill\/2698\/\"><div class=\"obit-photo-container\"><img decoding=\"async\" class=\"obit-photo\" src=\"https:\/\/www.kenoshafuneralhome.com\/wp-content\/uploads\/2025\/02\/Hill-Jack-Obit-Photo-jpeg.webp\" alt=\"Jack Hill\"><\/div><div class=\"obit-details\"><p class=\"obit-name\">Jack Hill<\/p><p class=\"obit-date\">17 de julio de 1953. <br>9 de febrero de 2025<\/p><\/div><\/a><\/div><div class=\"obit-item\"><a href=\"https:\/\/www.kenoshafuneralhome.com\/obituaries\/ippolito-piro\/2692\/\"><div class=\"obit-photo-container\"><img decoding=\"async\" class=\"obit-photo\" src=\"https:\/\/www.kenoshafuneralhome.com\/wp-content\/uploads\/2025\/02\/Piro-Ippolito-obit-photo-jpg.webp\" alt=\"Ippolito Piro\"><\/div><div class=\"obit-details\"><p class=\"obit-name\">Ippolito Piro<\/p><p class=\"obit-date\">22 de enero de 1933. <br>5 de febrero de 2025<\/p><\/div><\/a><\/div><div class=\"obit-item\"><a href=\"https:\/\/www.kenoshafuneralhome.com\/obituaries\/rosemarie-sirrell\/2693\/\"><div class=\"obit-photo-container\"><img decoding=\"async\" class=\"obit-photo\" src=\"https:\/\/www.kenoshafuneralhome.com\/wp-content\/uploads\/2025\/02\/Sirrell-Rosemarie-obit-photo-jpeg.webp\" alt=\"Rosemarie Sirrell\"><\/div><div class=\"obit-details\"><p class=\"obit-name\">Rosemarie Sirrell<\/p><p class=\"obit-date\">4 de julio de 1956. <br>5 de febrero de 2025<\/p><\/div><\/a><\/div><div class=\"obit-item vet\"><a href=\"https:\/\/www.kenoshafuneralhome.com\/obituaries\/robert-stevens\/2697\/\"><div class=\"obit-photo-container\"><img decoding=\"async\" class=\"obit-photo\" src=\"https:\/\/www.kenoshafuneralhome.com\/wp-content\/uploads\/2025\/02\/Stevens-Robert-Obit-Photo-cropped-jpg.webp\" alt=\"Robert Stevens\"><\/div><div class=\"obit-details\"><p class=\"obit-name\">Robert Stevens<\/p><p class=\"obit-date\">30 de agosto de 1933. <br>5 de febrero de 2025<\/p><\/div><\/a><\/div><div class=\"obit-item\"><a href=\"https:\/\/www.kenoshafuneralhome.com\/obituaries\/janice-czarnecki\/2689\/\"><div class=\"obit-photo-container\"><img decoding=\"async\" class=\"obit-photo\" src=\"https:\/\/www.kenoshafuneralhome.com\/wp-content\/uploads\/2025\/02\/Czarnecki-Janice-obit-photo-jpg.webp\" alt=\"Janice Czarnecki\"><\/div><div class=\"obit-details\"><p class=\"obit-name\">Janice Czarnecki<\/p><p class=\"obit-date\">24 de septiembre de 1933. <br>3 de febrero de 2025<\/p><\/div><\/a><\/div><div class=\"obit-item\"><a href=\"https:\/\/www.kenoshafuneralhome.com\/obituaries\/rita-crain\/2688\/\"><div class=\"obit-photo-container\"><img decoding=\"async\" class=\"obit-photo\" src=\"https:\/\/www.kenoshafuneralhome.com\/wp-content\/uploads\/2025\/02\/Crain-Rita-obit-pic-cropped-jpg.webp\" alt=\"Rita Crain\"><\/div><div class=\"obit-details\"><p class=\"obit-name\">Rita Crain<\/p><p class=\"obit-date\">4 de octubre de 1932. <br>2 de febrero de 2025<\/p><\/div><\/a><\/div><\/div><div class=\"pagination\"><span class=\"current\">1<\/span><a href=\"\/obituaries\/?f=obits&#038;pagenum=124&#038;paged=2\">2<\/a><a href=\"\/obituaries\/?f=obits&#038;pagenum=124&#038;paged=3\">3<\/a><a href=\"\/obituaries\/?f=obits&#038;pagenum=124&#038;paged=4\">4<\/a><a href=\"\/obituaries\/?f=obits&#038;pagenum=124&#038;paged=5\">5<\/a><a href=\"\/obituaries\/?f=obits&#038;pagenum=124&#038;paged=6\">6<\/a><a href=\"\/obituaries\/?f=obits&#038;pagenum=124&#038;paged=7\">7<\/a><span class=\"pages\">P\u00e1gina (1\/176)<\/span><a href=\"\/obituaries\/?f=obits&#038;pagenum=124&#038;paged=2\">Siguiente<\/a><\/div><\/div><\/div><\/div><\/div><div class=\"fusion-fullwidth fullwidth-box fusion-builder-row-2 fusion-flex-container has-pattern-background has-mask-background nonhundred-percent-fullwidth non-hundred-percent-height-scrolling\" style=\"--awb-border-radius-top-left:0px;--awb-border-radius-top-right:0px;--awb-border-radius-bottom-right:0px;--awb-border-radius-bottom-left:0px;--awb-flex-wrap:wrap;\" ><div class=\"fusion-builder-row fusion-row fusion-flex-align-items-flex-start fusion-flex-justify-content-center fusion-flex-content-wrap\" style=\"max-width:1248px;margin-left: calc(-4% \/ 2 );margin-right: calc(-4% \/ 2 );\"><div class=\"fusion-layout-column fusion_builder_column fusion-builder-column-1 fusion_builder_column_1_1 1_1 fusion-flex-column obit-body\" style=\"--awb-bg-size:cover;--awb-width-large:100%;--awb-margin-top-large:0px;--awb-spacing-right-large:1.92%;--awb-margin-bottom-large:20px;--awb-spacing-left-large:1.92%;--awb-width-medium:100%;--awb-order-medium:0;--awb-spacing-right-medium:1.92%;--awb-spacing-left-medium:1.92%;--awb-width-small:100%;--awb-order-small:0;--awb-spacing-right-small:1.92%;--awb-spacing-left-small:1.92%;\"><div class=\"fusion-column-wrapper fusion-column-has-shadow fusion-flex-justify-content-flex-start fusion-content-layout-column\"><\/div><\/div><\/div><\/div><\/p>","protected":false},"excerpt":{"rendered":"","protected":false},"author":5,"featured_media":0,"parent":0,"menu_order":39,"comment_status":"closed","ping_status":"closed","template":"","meta":{"_acf_changed":false,"footnotes":""},"class_list":["post-1267","page","type-page","status-publish","hentry"],"acf":[],"yoast_head":"<!-- This site is optimized with the Yoast SEO plugin v27.2 - https:\/\/yoast.com\/product\/yoast-seo-wordpress\/ -->\n<title>Obituaries | Piasecki Funeral Home<\/title>\n<meta name=\"description\" content=\"Loved ones recently taken into our caren. Remembrances and words of support. Feel free to submit an online condolence form found under the Condolences tab.\" \/>\n<meta name=\"robots\" content=\"index, follow, max-snippet:-1, max-image-preview:large, max-video-preview:-1\" \/>\n<link rel=\"canonical\" href=\"https:\/\/www.kenoshafuneralhome.com\/es\/obituaries\/\" \/>\n<meta property=\"og:locale\" content=\"es_MX\" \/>\n<meta property=\"og:type\" content=\"article\" \/>\n<meta property=\"og:title\" content=\"Recent Obituaries\" \/>\n<meta property=\"og:description\" content=\"View the latest obituaries from Piasecki Funeral Home. We provide quality and compassionate funeral services in the Kenosha, WI area.\" \/>\n<meta property=\"og:url\" content=\"https:\/\/www.kenoshafuneralhome.com\/es\/obituaries\/\" \/>\n<meta property=\"og:site_name\" content=\"Piasecki Funeral Home\" \/>\n<meta property=\"article:publisher\" content=\"https:\/\/www.facebook.com\/PAFuneralHome\/?fref=ts\" \/>\n<meta property=\"article:modified_time\" content=\"2025-06-16T18:32:44+00:00\" \/>\n<meta property=\"og:image\" content=\"https:\/\/www.kenoshafuneralhome.com\/wp-content\/uploads\/2022\/12\/PiaseckiObit-1024x1024.png\" \/>\n\t<meta property=\"og:image:width\" content=\"1024\" \/>\n\t<meta property=\"og:image:height\" content=\"1024\" \/>\n\t<meta property=\"og:image:type\" content=\"image\/png\" \/>\n<meta name=\"twitter:label1\" content=\"Tiempo de lectura\" \/>\n\t<meta name=\"twitter:data1\" content=\"1 minuto\" \/>\n<script type=\"application\/ld+json\" class=\"yoast-schema-graph\">{\"@context\":\"https:\/\/schema.org\",\"@graph\":[{\"@type\":\"WebPage\",\"@id\":\"https:\/\/www.kenoshafuneralhome.com\/obituaries\/\",\"url\":\"https:\/\/www.kenoshafuneralhome.com\/obituaries\/\",\"name\":\"Obituaries | Piasecki Funeral Home\",\"isPartOf\":{\"@id\":\"https:\/\/www.kenoshafuneralhome.com\/#website\"},\"datePublished\":\"2016-08-02T11:05:23+00:00\",\"dateModified\":\"2025-06-16T18:32:44+00:00\",\"description\":\"Loved ones recently taken into our caren. Remembrances and words of support. Feel free to submit an online condolence form found under the Condolences tab.\",\"breadcrumb\":{\"@id\":\"https:\/\/www.kenoshafuneralhome.com\/obituaries\/#breadcrumb\"},\"inLanguage\":\"es\",\"potentialAction\":[{\"@type\":\"ReadAction\",\"target\":[\"https:\/\/www.kenoshafuneralhome.com\/obituaries\/\"]}]},{\"@type\":\"BreadcrumbList\",\"@id\":\"https:\/\/www.kenoshafuneralhome.com\/obituaries\/#breadcrumb\",\"itemListElement\":[{\"@type\":\"ListItem\",\"position\":1,\"name\":\"Home\",\"item\":\"https:\/\/www.kenoshafuneralhome.com\/\"},{\"@type\":\"ListItem\",\"position\":2,\"name\":\"Obituaries\"}]},{\"@type\":\"WebSite\",\"@id\":\"https:\/\/www.kenoshafuneralhome.com\/#website\",\"url\":\"https:\/\/www.kenoshafuneralhome.com\/\",\"name\":\"Piasecki Funeral Home\",\"description\":\"Honoring Legacies Since 1929\",\"publisher\":{\"@id\":\"https:\/\/www.kenoshafuneralhome.com\/#organization\"},\"potentialAction\":[{\"@type\":\"SearchAction\",\"target\":{\"@type\":\"EntryPoint\",\"urlTemplate\":\"https:\/\/www.kenoshafuneralhome.com\/?s={search_term_string}\"},\"query-input\":{\"@type\":\"PropertyValueSpecification\",\"valueRequired\":true,\"valueName\":\"search_term_string\"}}],\"inLanguage\":\"es\"},{\"@type\":\"Organization\",\"@id\":\"https:\/\/www.kenoshafuneralhome.com\/#organization\",\"name\":\"Piasecki Funeral Home\",\"url\":\"https:\/\/www.kenoshafuneralhome.com\/\",\"logo\":{\"@type\":\"ImageObject\",\"inLanguage\":\"es\",\"@id\":\"https:\/\/www.kenoshafuneralhome.com\/#\/schema\/logo\/image\/\",\"url\":\"https:\/\/www.kenoshafuneralhome.com\/wp-content\/uploads\/2022\/01\/90th-Banner-1-jpg.webp\",\"contentUrl\":\"https:\/\/www.kenoshafuneralhome.com\/wp-content\/uploads\/2022\/01\/90th-Banner-1-jpg.webp\",\"width\":1000,\"height\":616,\"caption\":\"Piasecki Funeral Home\"},\"image\":{\"@id\":\"https:\/\/www.kenoshafuneralhome.com\/#\/schema\/logo\/image\/\"},\"sameAs\":[\"https:\/\/www.facebook.com\/PAFuneralHome\/?fref=ts\",\"https:\/\/www.linkedin.com\/company\/piasecki-althaus-funeral-home-&amp;amp;-cremation-services\/\"]}]}<\/script>\n<!-- \/ Yoast SEO plugin. -->","yoast_head_json":{"title":"Obituarios | Funeraria Piasecki","description":"Personas queridas que han sido acogidas recientemente. Recuerdos y palabras de apoyo. Si\u00e9ntase libre de enviar un formulario de condolencias en l\u00ednea que se encuentra en la pesta\u00f1a Condolencias.","robots":{"index":"index","follow":"follow","max-snippet":"max-snippet:-1","max-image-preview":"max-image-preview:large","max-video-preview":"max-video-preview:-1"},"canonical":"https:\/\/www.kenoshafuneralhome.com\/es\/obituaries\/","og_locale":"es_MX","og_type":"article","og_title":"Recent Obituaries","og_description":"View the latest obituaries from Piasecki Funeral Home. We provide quality and compassionate funeral services in the Kenosha, WI area.","og_url":"https:\/\/www.kenoshafuneralhome.com\/es\/obituaries\/","og_site_name":"Piasecki Funeral Home","article_publisher":"https:\/\/www.facebook.com\/PAFuneralHome\/?fref=ts","article_modified_time":"2025-06-16T18:32:44+00:00","og_image":[{"width":1024,"height":1024,"url":"https:\/\/www.kenoshafuneralhome.com\/wp-content\/uploads\/2022\/12\/PiaseckiObit-1024x1024.png","type":"image\/png"}],"twitter_misc":{"Tiempo de lectura":"1 minuto"},"schema":{"@context":"https:\/\/schema.org","@graph":[{"@type":"WebPage","@id":"https:\/\/www.kenoshafuneralhome.com\/obituaries\/","url":"https:\/\/www.kenoshafuneralhome.com\/obituaries\/","name":"Obituarios | Funeraria Piasecki","isPartOf":{"@id":"https:\/\/www.kenoshafuneralhome.com\/#website"},"datePublished":"2016-08-02T11:05:23+00:00","dateModified":"2025-06-16T18:32:44+00:00","description":"Personas queridas que han sido acogidas recientemente. Recuerdos y palabras de apoyo. Si\u00e9ntase libre de enviar un formulario de condolencias en l\u00ednea que se encuentra en la pesta\u00f1a Condolencias.","breadcrumb":{"@id":"https:\/\/www.kenoshafuneralhome.com\/obituaries\/#breadcrumb"},"inLanguage":"es","potentialAction":[{"@type":"ReadAction","target":["https:\/\/www.kenoshafuneralhome.com\/obituaries\/"]}]},{"@type":"BreadcrumbList","@id":"https:\/\/www.kenoshafuneralhome.com\/obituaries\/#breadcrumb","itemListElement":[{"@type":"ListItem","position":1,"name":"Home","item":"https:\/\/www.kenoshafuneralhome.com\/"},{"@type":"ListItem","position":2,"name":"Obituaries"}]},{"@type":"WebSite","@id":"https:\/\/www.kenoshafuneralhome.com\/#website","url":"https:\/\/www.kenoshafuneralhome.com\/","name":"Funeraria Piasecki","description":"Honrando legados desde 1929","publisher":{"@id":"https:\/\/www.kenoshafuneralhome.com\/#organization"},"potentialAction":[{"@type":"SearchAction","target":{"@type":"EntryPoint","urlTemplate":"https:\/\/www.kenoshafuneralhome.com\/?s={search_term_string}"},"query-input":{"@type":"PropertyValueSpecification","valueRequired":true,"valueName":"search_term_string"}}],"inLanguage":"es"},{"@type":"Organization","@id":"https:\/\/www.kenoshafuneralhome.com\/#organization","name":"Funeraria Piasecki","url":"https:\/\/www.kenoshafuneralhome.com\/","logo":{"@type":"ImageObject","inLanguage":"es","@id":"https:\/\/www.kenoshafuneralhome.com\/#\/schema\/logo\/image\/","url":"https:\/\/www.kenoshafuneralhome.com\/wp-content\/uploads\/2022\/01\/90th-Banner-1-jpg.webp","contentUrl":"https:\/\/www.kenoshafuneralhome.com\/wp-content\/uploads\/2022\/01\/90th-Banner-1-jpg.webp","width":1000,"height":616,"caption":"Piasecki Funeral Home"},"image":{"@id":"https:\/\/www.kenoshafuneralhome.com\/#\/schema\/logo\/image\/"},"sameAs":["https:\/\/www.facebook.com\/PAFuneralHome\/?fref=ts","https:\/\/www.linkedin.com\/company\/piasecki-althaus-funeral-home-&amp;amp;-cremation-services\/"]}]}},"_links":{"self":[{"href":"https:\/\/www.kenoshafuneralhome.com\/es\/wp-json\/wp\/v2\/pages\/1267","targetHints":{"allow":["GET"]}}],"collection":[{"href":"https:\/\/www.kenoshafuneralhome.com\/es\/wp-json\/wp\/v2\/pages"}],"about":[{"href":"https:\/\/www.kenoshafuneralhome.com\/es\/wp-json\/wp\/v2\/types\/page"}],"author":[{"embeddable":true,"href":"https:\/\/www.kenoshafuneralhome.com\/es\/wp-json\/wp\/v2\/users\/5"}],"replies":[{"embeddable":true,"href":"https:\/\/www.kenoshafuneralhome.com\/es\/wp-json\/wp\/v2\/comments?post=1267"}],"version-history":[{"count":33,"href":"https:\/\/www.kenoshafuneralhome.com\/es\/wp-json\/wp\/v2\/pages\/1267\/revisions"}],"predecessor-version":[{"id":8391,"href":"https:\/\/www.kenoshafuneralhome.com\/es\/wp-json\/wp\/v2\/pages\/1267\/revisions\/8391"}],"wp:attachment":[{"href":"https:\/\/www.kenoshafuneralhome.com\/es\/wp-json\/wp\/v2\/media?parent=1267"}],"curies":[{"name":"wp","href":"https:\/\/api.w.org\/{rel}","templated":true}]}}